{"id":1136,"date":"2026-04-06T16:36:29","date_gmt":"2026-04-06T14:36:29","guid":{"rendered":"https:\/\/manoirdelabaronnie.fr\/?page_id=1136"},"modified":"2026-04-06T16:56:49","modified_gmt":"2026-04-06T14:56:49","slug":"concert-du-29-mars-2026-brunoy","status":"publish","type":"page","link":"https:\/\/manoirdelabaronnie.fr\/index.php\/concert-du-29-mars-2026-brunoy\/","title":{"rendered":"Concert du 29 Mars 2026 &#8211; Brunoy"},"content":{"rendered":"<p>Cette page est d\u00e9di\u00e9e au concert du 29 Mars 2026 s&rsquo;\u00e9tant d\u00e9roul\u00e9 \u00e0 la chapelle du Sauvageon \u00e0 Brunoy.<\/p>\n<p>Soprano : Sonia Anker<\/p>\n<p>Mezzo : Jeanne Truong<\/p>\n<p>Piano : Laurent Vuong<\/p>\n<p><img loading=\"lazy\" class=\"alignnone size-medium wp-image-1135\" src=\"https:\/\/manoirdelabaronnie.fr\/wp-content\/uploads\/2026\/04\/1774979209850-225x300.jpg\" alt=\"\" width=\"225\" height=\"300\" srcset=\"https:\/\/manoirdelabaronnie.fr\/wp-content\/uploads\/2026\/04\/1774979209850-225x300.jpg 225w, https:\/\/manoirdelabaronnie.fr\/wp-content\/uploads\/2026\/04\/1774979209850-768x1024.jpg 768w, https:\/\/manoirdelabaronnie.fr\/wp-content\/uploads\/2026\/04\/1774979209850-1152x1536.jpg 1152w, https:\/\/manoirdelabaronnie.fr\/wp-content\/uploads\/2026\/04\/1774979209850-1200x1600.jpg 1200w, https:\/\/manoirdelabaronnie.fr\/wp-content\/uploads\/2026\/04\/1774979209850.jpg 1536w\" sizes=\"(max-width: 225px) 85vw, 225px\" \/><\/p>\n<p>&nbsp;<\/p>\n<p><a href=\"https:\/\/manoirdelabaronnie.fr\/wp-content\/uploads\/2026\/04\/1 - Vidala.mp3\" target=\"_blank\" rel=\"noopener\">1 &#8211; Vidala.mp3<\/a><br \/>\n<a href=\"https:\/\/manoirdelabaronnie.fr\/wp-content\/uploads\/2026\/04\/2 - La paloma.mp3\" target=\"_blank\" rel=\"noopener\">2 &#8211; La paloma.mp3<\/a><br \/>\n<a href=\"https:\/\/manoirdelabaronnie.fr\/wp-content\/uploads\/2026\/04\/3 - La mort d'Oph\u00e9lie - Berlioz.mp3\" target=\"_blank\" rel=\"noopener\">3 &#8211; La mort d&rsquo;Oph\u00e9lie &#8211; Berlioz.mp3<\/a><br \/>\n<a href=\"https:\/\/manoirdelabaronnie.fr\/wp-content\/uploads\/2026\/04\/4 - Duo des chats - Rossini.mp3\" target=\"_blank\" rel=\"noopener\">4 &#8211; Duo des chats &#8211; Rossini.mp3<\/a><br \/>\n<a href=\"https:\/\/manoirdelabaronnie.fr\/wp-content\/uploads\/2026\/04\/5 - Andante sonate flute piano - Bach.mp3\" target=\"_blank\" rel=\"noopener\">5 &#8211; Andante sonate flute piano &#8211; Bach.mp3<\/a><br \/>\n<a href=\"https:\/\/manoirdelabaronnie.fr\/wp-content\/uploads\/2026\/04\/6 - Allegro sonate flute piano - Bach.mp3\" target=\"_blank\" rel=\"noopener\">6 &#8211; Allegro sonate flute piano &#8211; Bach<\/a><br \/>\n<a href=\"https:\/\/manoirdelabaronnie.fr\/wp-content\/uploads\/2026\/04\/7 - My dearest - Purcell.mp3\" target=\"_blank\" rel=\"noopener\">7 &#8211; My dearest &#8211; Purcell<\/a><br \/>\n<a href=\"https:\/\/manoirdelabaronnie.fr\/wp-content\/uploads\/2026\/04\/8 - Rinaldo - Haendel.mp3\" target=\"_blank\" rel=\"noopener\">8 &#8211; Rinaldo &#8211; Haendel<\/a><br \/>\n<a href=\"https:\/\/manoirdelabaronnie.fr\/wp-content\/uploads\/2026\/04\/9 - The modest Maiden - Dvorak.mp3\" target=\"_blank\" rel=\"noopener\">9 &#8211; The modest Maiden &#8211; Dvorak<\/a><br \/>\n<a href=\"https:\/\/manoirdelabaronnie.fr\/wp-content\/uploads\/2026\/04\/10 - Aus meinenTrainen.mp3\" target=\"_blank\" rel=\"noopener\">10 &#8211; Aus meinen Trainen Fanny Mendelssohn<\/a><br \/>\n<a href=\"https:\/\/manoirdelabaronnie.fr\/wp-content\/uploads\/2026\/04\/11 - Die meere Brahms.mp3\" target=\"_blank\" rel=\"noopener\">11 &#8211; Die meere Brahms<\/a><br \/>\n<a href=\"https:\/\/manoirdelabaronnie.fr\/wp-content\/uploads\/2026\/04\/12 - Die Schwestern.mp3\" target=\"_blank\" rel=\"noopener\">12 &#8211; Die Schwestern Brahms<\/a><br \/>\n<a href=\"https:\/\/manoirdelabaronnie.fr\/wp-content\/uploads\/2026\/04\/13 - Solo flute Bach.mp3\" target=\"_blank\" rel=\"noopener\">13 &#8211; Solo flute Bach<\/a><br \/>\n<a href=\"https:\/\/manoirdelabaronnie.fr\/wp-content\/uploads\/2026\/04\/14 - Mother confort - Britten.mp3\" target=\"_blank\" rel=\"noopener\">14 &#8211; Mother confort &#8211; Britten.mp3<\/a><br \/>\n<a href=\"https:\/\/manoirdelabaronnie.fr\/wp-content\/uploads\/2026\/04\/15 Barcarolle - Offenbach.mp3\" target=\"_blank\" rel=\"noopener\">15 Barcarolle &#8211; Offenbach<\/a><\/p>\n","protected":false},"excerpt":{"rendered":"<p>Cette page est d\u00e9di\u00e9e au concert du 29 Mars 2026 s&rsquo;\u00e9tant d\u00e9roul\u00e9 \u00e0 la chapelle du Sauvageon \u00e0 Brunoy. Soprano : Sonia Anker Mezzo : Jeanne Truong Piano : Laurent Vuong &nbsp; 1 &#8211; Vidala.mp3 2 &#8211; La paloma.mp3 3 &#8211; La mort d&rsquo;Oph\u00e9lie &#8211; Berlioz.mp3 4 &#8211; Duo des chats &#8211; Rossini.mp3 5 &#8211; &hellip; <a href=\"https:\/\/manoirdelabaronnie.fr\/index.php\/concert-du-29-mars-2026-brunoy\/\" class=\"more-link\">Continuer la lecture<span class=\"screen-reader-text\"> de &laquo;&nbsp;Concert du 29 Mars 2026 &#8211; Brunoy&nbsp;&raquo;<\/span><\/a><\/p>\n","protected":false},"author":1,"featured_media":0,"parent":0,"menu_order":0,"comment_status":"closed","ping_status":"closed","template":"","meta":{"ngg_post_thumbnail":0},"yoast_head":"<!-- This site is optimized with the Yoast SEO plugin v20.4 - https:\/\/yoast.com\/wordpress\/plugins\/seo\/ -->\n<title>Concert du 29 Mars 2026 - Brunoy - Le Manoir de la Baronnie<\/title>\n<meta name=\"robots\" content=\"index, follow, max-snippet:-1, max-image-preview:large, max-video-preview:-1\" \/>\n<link rel=\"canonical\" href=\"https:\/\/manoirdelabaronnie.fr\/index.php\/concert-du-29-mars-2026-brunoy\/\" \/>\n<meta property=\"og:locale\" content=\"fr_FR\" \/>\n<meta property=\"og:type\" content=\"article\" \/>\n<meta property=\"og:title\" content=\"Concert du 29 Mars 2026 - Brunoy - Le Manoir de la Baronnie\" \/>\n<meta property=\"og:description\" content=\"Cette page est d\u00e9di\u00e9e au concert du 29 Mars 2026 s&rsquo;\u00e9tant d\u00e9roul\u00e9 \u00e0 la chapelle du Sauvageon \u00e0 Brunoy. Soprano : Sonia Anker Mezzo : Jeanne Truong Piano : Laurent Vuong &nbsp; 1 &#8211; Vidala.mp3 2 &#8211; La paloma.mp3 3 &#8211; La mort d&rsquo;Oph\u00e9lie &#8211; Berlioz.mp3 4 &#8211; Duo des chats &#8211; Rossini.mp3 5 &#8211; &hellip; Continuer la lecture de &laquo;&nbsp;Concert du 29 Mars 2026 &#8211; Brunoy&nbsp;&raquo;\" \/>\n<meta property=\"og:url\" content=\"https:\/\/manoirdelabaronnie.fr\/index.php\/concert-du-29-mars-2026-brunoy\/\" \/>\n<meta property=\"og:site_name\" content=\"Le Manoir de la Baronnie\" \/>\n<meta property=\"article:modified_time\" content=\"2026-04-06T14:56:49+00:00\" \/>\n<meta property=\"og:image\" content=\"https:\/\/manoirdelabaronnie.fr\/wp-content\/uploads\/2026\/04\/1774979209850-225x300.jpg\" \/>\n<meta name=\"twitter:card\" content=\"summary_large_image\" \/>\n<meta name=\"twitter:label1\" content=\"Dur\u00e9e de lecture estim\u00e9e\" \/>\n\t<meta name=\"twitter:data1\" content=\"1 minute\" \/>\n<script type=\"application\/ld+json\" class=\"yoast-schema-graph\">{\"@context\":\"https:\/\/schema.org\",\"@graph\":[{\"@type\":\"WebPage\",\"@id\":\"https:\/\/manoirdelabaronnie.fr\/index.php\/concert-du-29-mars-2026-brunoy\/\",\"url\":\"https:\/\/manoirdelabaronnie.fr\/index.php\/concert-du-29-mars-2026-brunoy\/\",\"name\":\"Concert du 29 Mars 2026 - Brunoy - Le Manoir de la Baronnie\",\"isPartOf\":{\"@id\":\"https:\/\/manoirdelabaronnie.fr\/#website\"},\"datePublished\":\"2026-04-06T14:36:29+00:00\",\"dateModified\":\"2026-04-06T14:56:49+00:00\",\"breadcrumb\":{\"@id\":\"https:\/\/manoirdelabaronnie.fr\/index.php\/concert-du-29-mars-2026-brunoy\/#breadcrumb\"},\"inLanguage\":\"fr-FR\",\"potentialAction\":[{\"@type\":\"ReadAction\",\"target\":[\"https:\/\/manoirdelabaronnie.fr\/index.php\/concert-du-29-mars-2026-brunoy\/\"]}]},{\"@type\":\"BreadcrumbList\",\"@id\":\"https:\/\/manoirdelabaronnie.fr\/index.php\/concert-du-29-mars-2026-brunoy\/#breadcrumb\",\"itemListElement\":[{\"@type\":\"ListItem\",\"position\":1,\"name\":\"Accueil\",\"item\":\"https:\/\/manoirdelabaronnie.fr\/\"},{\"@type\":\"ListItem\",\"position\":2,\"name\":\"Concert du 29 Mars 2026 &#8211; Brunoy\"}]},{\"@type\":\"WebSite\",\"@id\":\"https:\/\/manoirdelabaronnie.fr\/#website\",\"url\":\"https:\/\/manoirdelabaronnie.fr\/\",\"name\":\"Le Manoir de la Baronnie\",\"description\":\"Osez le m\u00e9di\u00e9val\",\"potentialAction\":[{\"@type\":\"SearchAction\",\"target\":{\"@type\":\"EntryPoint\",\"urlTemplate\":\"https:\/\/manoirdelabaronnie.fr\/?s={search_term_string}\"},\"query-input\":\"required name=search_term_string\"}],\"inLanguage\":\"fr-FR\"}]}<\/script>\n<!-- \/ Yoast SEO plugin. -->","yoast_head_json":{"title":"Concert du 29 Mars 2026 - Brunoy - Le Manoir de la Baronnie","robots":{"index":"index","follow":"follow","max-snippet":"max-snippet:-1","max-image-preview":"max-image-preview:large","max-video-preview":"max-video-preview:-1"},"canonical":"https:\/\/manoirdelabaronnie.fr\/index.php\/concert-du-29-mars-2026-brunoy\/","og_locale":"fr_FR","og_type":"article","og_title":"Concert du 29 Mars 2026 - Brunoy - Le Manoir de la Baronnie","og_description":"Cette page est d\u00e9di\u00e9e au concert du 29 Mars 2026 s&rsquo;\u00e9tant d\u00e9roul\u00e9 \u00e0 la chapelle du Sauvageon \u00e0 Brunoy. Soprano : Sonia Anker Mezzo : Jeanne Truong Piano : Laurent Vuong &nbsp; 1 &#8211; Vidala.mp3 2 &#8211; La paloma.mp3 3 &#8211; La mort d&rsquo;Oph\u00e9lie &#8211; Berlioz.mp3 4 &#8211; Duo des chats &#8211; Rossini.mp3 5 &#8211; &hellip; Continuer la lecture de &laquo;&nbsp;Concert du 29 Mars 2026 &#8211; Brunoy&nbsp;&raquo;","og_url":"https:\/\/manoirdelabaronnie.fr\/index.php\/concert-du-29-mars-2026-brunoy\/","og_site_name":"Le Manoir de la Baronnie","article_modified_time":"2026-04-06T14:56:49+00:00","og_image":[{"url":"https:\/\/manoirdelabaronnie.fr\/wp-content\/uploads\/2026\/04\/1774979209850-225x300.jpg"}],"twitter_card":"summary_large_image","twitter_misc":{"Dur\u00e9e de lecture estim\u00e9e":"1 minute"},"schema":{"@context":"https:\/\/schema.org","@graph":[{"@type":"WebPage","@id":"https:\/\/manoirdelabaronnie.fr\/index.php\/concert-du-29-mars-2026-brunoy\/","url":"https:\/\/manoirdelabaronnie.fr\/index.php\/concert-du-29-mars-2026-brunoy\/","name":"Concert du 29 Mars 2026 - Brunoy - Le Manoir de la Baronnie","isPartOf":{"@id":"https:\/\/manoirdelabaronnie.fr\/#website"},"datePublished":"2026-04-06T14:36:29+00:00","dateModified":"2026-04-06T14:56:49+00:00","breadcrumb":{"@id":"https:\/\/manoirdelabaronnie.fr\/index.php\/concert-du-29-mars-2026-brunoy\/#breadcrumb"},"inLanguage":"fr-FR","potentialAction":[{"@type":"ReadAction","target":["https:\/\/manoirdelabaronnie.fr\/index.php\/concert-du-29-mars-2026-brunoy\/"]}]},{"@type":"BreadcrumbList","@id":"https:\/\/manoirdelabaronnie.fr\/index.php\/concert-du-29-mars-2026-brunoy\/#breadcrumb","itemListElement":[{"@type":"ListItem","position":1,"name":"Accueil","item":"https:\/\/manoirdelabaronnie.fr\/"},{"@type":"ListItem","position":2,"name":"Concert du 29 Mars 2026 &#8211; Brunoy"}]},{"@type":"WebSite","@id":"https:\/\/manoirdelabaronnie.fr\/#website","url":"https:\/\/manoirdelabaronnie.fr\/","name":"Le Manoir de la Baronnie","description":"Osez le m\u00e9di\u00e9val","potentialAction":[{"@type":"SearchAction","target":{"@type":"EntryPoint","urlTemplate":"https:\/\/manoirdelabaronnie.fr\/?s={search_term_string}"},"query-input":"required name=search_term_string"}],"inLanguage":"fr-FR"}]}},"_links":{"self":[{"href":"https:\/\/manoirdelabaronnie.fr\/index.php\/wp-json\/wp\/v2\/pages\/1136"}],"collection":[{"href":"https:\/\/manoirdelabaronnie.fr\/index.php\/wp-json\/wp\/v2\/pages"}],"about":[{"href":"https:\/\/manoirdelabaronnie.fr\/index.php\/wp-json\/wp\/v2\/types\/page"}],"author":[{"embeddable":true,"href":"https:\/\/manoirdelabaronnie.fr\/index.php\/wp-json\/wp\/v2\/users\/1"}],"replies":[{"embeddable":true,"href":"https:\/\/manoirdelabaronnie.fr\/index.php\/wp-json\/wp\/v2\/comments?post=1136"}],"version-history":[{"count":4,"href":"https:\/\/manoirdelabaronnie.fr\/index.php\/wp-json\/wp\/v2\/pages\/1136\/revisions"}],"predecessor-version":[{"id":1145,"href":"https:\/\/manoirdelabaronnie.fr\/index.php\/wp-json\/wp\/v2\/pages\/1136\/revisions\/1145"}],"wp:attachment":[{"href":"https:\/\/manoirdelabaronnie.fr\/index.php\/wp-json\/wp\/v2\/media?parent=1136"}],"curies":[{"name":"wp","href":"https:\/\/api.w.org\/{rel}","templated":true}]}}