{"id":283,"date":"2017-03-29T16:22:15","date_gmt":"2017-03-29T14:22:15","guid":{"rendered":"https:\/\/manoirdelabaronnie.fr\/?page_id=283"},"modified":"2018-12-12T11:49:37","modified_gmt":"2018-12-12T10:49:37","slug":"concert-olga","status":"publish","type":"page","link":"https:\/\/manoirdelabaronnie.fr\/index.php\/concert-olga\/","title":{"rendered":"Concert Olga 21 Avril 2018"},"content":{"rendered":"<p style=\"text-align: left;\">&nbsp;<\/p>\n<p style=\"text-align: left;\">voici les liens t\u00e9l\u00e9chargeables vers les mp3 du concert m\u00e9morable de Olga au manoir de la baronnie le 21 avril 2018:<\/p>\n<p><a href=\"https:\/\/manoirdelabaronnie.fr\/wp-content\/uploads\/2018\/04\/1-Les-Lilas.mp3\" target=\"_blank\">https:\/\/manoirdelabaronnie.fr\/wp-content\/uploads\/2018\/04\/1-Les-Lilas.mp3<\/a><\/p>\n<p><a href=\"https:\/\/manoirdelabaronnie.fr\/wp-content\/uploads\/2018\/04\/2-Le-reve.mp3\" target=\"_blank\">https:\/\/manoirdelabaronnie.fr\/wp-content\/uploads\/2018\/04\/2-Le-reve.mp3<\/a><\/p>\n<p><a href=\"https:\/\/manoirdelabaronnie.fr\/wp-content\/uploads\/2018\/04\/3-Opus8-No4.mp3\" target=\"_blank\">https:\/\/manoirdelabaronnie.fr\/wp-content\/uploads\/2018\/04\/3-Opus8-No4.mp3<\/a><\/p>\n<p><a href=\"https:\/\/manoirdelabaronnie.fr\/wp-content\/uploads\/2018\/04\/4-Opus4-No6.mp3\" target=\"_blank\">https:\/\/manoirdelabaronnie.fr\/wp-content\/uploads\/2018\/04\/4-Opus4-No6.mp3<\/a><\/p>\n<p><a href=\"https:\/\/manoirdelabaronnie.fr\/wp-content\/uploads\/2018\/04\/5-Opus14-No1.mp3\" target=\"_blank\">https:\/\/manoirdelabaronnie.fr\/wp-content\/uploads\/2018\/04\/5-Opus14-No1.mp3<\/a><\/p>\n<p><a href=\"https:\/\/manoirdelabaronnie.fr\/wp-content\/uploads\/2018\/04\/6-Opus21-No6.mp3\" target=\"_blank\">https:\/\/manoirdelabaronnie.fr\/wp-content\/uploads\/2018\/04\/6-Opus21-No6.mp3<\/a><\/p>\n<p><a href=\"https:\/\/manoirdelabaronnie.fr\/wp-content\/uploads\/2018\/04\/7-Opus21-No4.mp3\" target=\"_blank\">https:\/\/manoirdelabaronnie.fr\/wp-content\/uploads\/2018\/04\/7-Opus21-No4.mp3<\/a><\/p>\n<p><a href=\"https:\/\/manoirdelabaronnie.fr\/wp-content\/uploads\/2018\/04\/8-Opus21-No7.mp3\" target=\"_blank\">https:\/\/manoirdelabaronnie.fr\/wp-content\/uploads\/2018\/04\/8-Opus21-No7.mp3<\/a><\/p>\n<p><a href=\"https:\/\/manoirdelabaronnie.fr\/wp-content\/uploads\/2018\/04\/9-Opus4-No5.mp3\">https:\/\/manoirdelabaronnie.fr\/wp-content\/uploads\/2018\/04\/9-Opus4-No5.mp3<\/a><\/p>\n","protected":false},"excerpt":{"rendered":"<p>&nbsp; voici les liens t\u00e9l\u00e9chargeables vers les mp3 du concert m\u00e9morable de Olga au manoir de la baronnie le 21 avril 2018: https:\/\/manoirdelabaronnie.fr\/wp-content\/uploads\/2018\/04\/1-Les-Lilas.mp3 https:\/\/manoirdelabaronnie.fr\/wp-content\/uploads\/2018\/04\/2-Le-reve.mp3 https:\/\/manoirdelabaronnie.fr\/wp-content\/uploads\/2018\/04\/3-Opus8-No4.mp3 https:\/\/manoirdelabaronnie.fr\/wp-content\/uploads\/2018\/04\/4-Opus4-No6.mp3 https:\/\/manoirdelabaronnie.fr\/wp-content\/uploads\/2018\/04\/5-Opus14-No1.mp3 https:\/\/manoirdelabaronnie.fr\/wp-content\/uploads\/2018\/04\/6-Opus21-No6.mp3 https:\/\/manoirdelabaronnie.fr\/wp-content\/uploads\/2018\/04\/7-Opus21-No4.mp3 https:\/\/manoirdelabaronnie.fr\/wp-content\/uploads\/2018\/04\/8-Opus21-No7.mp3 https:\/\/manoirdelabaronnie.fr\/wp-content\/uploads\/2018\/04\/9-Opus4-No5.mp3<\/p>\n","protected":false},"author":1,"featured_media":0,"parent":0,"menu_order":0,"comment_status":"closed","ping_status":"closed","template":"","meta":{"ngg_post_thumbnail":0},"yoast_head":"<!-- This site is optimized with the Yoast SEO plugin v20.4 - https:\/\/yoast.com\/wordpress\/plugins\/seo\/ -->\n<title>Concert Olga 21 Avril 2018 - Le Manoir de la Baronnie<\/title>\n<meta name=\"robots\" content=\"index, follow, max-snippet:-1, max-image-preview:large, max-video-preview:-1\" \/>\n<link rel=\"canonical\" href=\"https:\/\/manoirdelabaronnie.fr\/index.php\/concert-olga\/\" \/>\n<meta property=\"og:locale\" content=\"fr_FR\" \/>\n<meta property=\"og:type\" content=\"article\" \/>\n<meta property=\"og:title\" content=\"Concert Olga 21 Avril 2018 - Le Manoir de la Baronnie\" \/>\n<meta property=\"og:description\" content=\"&nbsp; voici les liens t\u00e9l\u00e9chargeables vers les mp3 du concert m\u00e9morable de Olga au manoir de la baronnie le 21 avril 2018: https:\/\/manoirdelabaronnie.fr\/wp-content\/uploads\/2018\/04\/1-Les-Lilas.mp3 https:\/\/manoirdelabaronnie.fr\/wp-content\/uploads\/2018\/04\/2-Le-reve.mp3 https:\/\/manoirdelabaronnie.fr\/wp-content\/uploads\/2018\/04\/3-Opus8-No4.mp3 https:\/\/manoirdelabaronnie.fr\/wp-content\/uploads\/2018\/04\/4-Opus4-No6.mp3 https:\/\/manoirdelabaronnie.fr\/wp-content\/uploads\/2018\/04\/5-Opus14-No1.mp3 https:\/\/manoirdelabaronnie.fr\/wp-content\/uploads\/2018\/04\/6-Opus21-No6.mp3 https:\/\/manoirdelabaronnie.fr\/wp-content\/uploads\/2018\/04\/7-Opus21-No4.mp3 https:\/\/manoirdelabaronnie.fr\/wp-content\/uploads\/2018\/04\/8-Opus21-No7.mp3 https:\/\/manoirdelabaronnie.fr\/wp-content\/uploads\/2018\/04\/9-Opus4-No5.mp3\" \/>\n<meta property=\"og:url\" content=\"https:\/\/manoirdelabaronnie.fr\/index.php\/concert-olga\/\" \/>\n<meta property=\"og:site_name\" content=\"Le Manoir de la Baronnie\" \/>\n<meta property=\"article:modified_time\" content=\"2018-12-12T10:49:37+00:00\" \/>\n<meta name=\"twitter:card\" content=\"summary_large_image\" \/>\n<script type=\"application\/ld+json\" class=\"yoast-schema-graph\">{\"@context\":\"https:\/\/schema.org\",\"@graph\":[{\"@type\":\"WebPage\",\"@id\":\"https:\/\/manoirdelabaronnie.fr\/index.php\/concert-olga\/\",\"url\":\"https:\/\/manoirdelabaronnie.fr\/index.php\/concert-olga\/\",\"name\":\"Concert Olga 21 Avril 2018 - Le Manoir de la Baronnie\",\"isPartOf\":{\"@id\":\"https:\/\/manoirdelabaronnie.fr\/#website\"},\"datePublished\":\"2017-03-29T14:22:15+00:00\",\"dateModified\":\"2018-12-12T10:49:37+00:00\",\"breadcrumb\":{\"@id\":\"https:\/\/manoirdelabaronnie.fr\/index.php\/concert-olga\/#breadcrumb\"},\"inLanguage\":\"fr-FR\",\"potentialAction\":[{\"@type\":\"ReadAction\",\"target\":[\"https:\/\/manoirdelabaronnie.fr\/index.php\/concert-olga\/\"]}]},{\"@type\":\"BreadcrumbList\",\"@id\":\"https:\/\/manoirdelabaronnie.fr\/index.php\/concert-olga\/#breadcrumb\",\"itemListElement\":[{\"@type\":\"ListItem\",\"position\":1,\"name\":\"Accueil\",\"item\":\"https:\/\/manoirdelabaronnie.fr\/\"},{\"@type\":\"ListItem\",\"position\":2,\"name\":\"Concert Olga 21 Avril 2018\"}]},{\"@type\":\"WebSite\",\"@id\":\"https:\/\/manoirdelabaronnie.fr\/#website\",\"url\":\"https:\/\/manoirdelabaronnie.fr\/\",\"name\":\"Le Manoir de la Baronnie\",\"description\":\"Osez le m\u00e9di\u00e9val\",\"potentialAction\":[{\"@type\":\"SearchAction\",\"target\":{\"@type\":\"EntryPoint\",\"urlTemplate\":\"https:\/\/manoirdelabaronnie.fr\/?s={search_term_string}\"},\"query-input\":\"required name=search_term_string\"}],\"inLanguage\":\"fr-FR\"}]}<\/script>\n<!-- \/ Yoast SEO plugin. -->","yoast_head_json":{"title":"Concert Olga 21 Avril 2018 - Le Manoir de la Baronnie","robots":{"index":"index","follow":"follow","max-snippet":"max-snippet:-1","max-image-preview":"max-image-preview:large","max-video-preview":"max-video-preview:-1"},"canonical":"https:\/\/manoirdelabaronnie.fr\/index.php\/concert-olga\/","og_locale":"fr_FR","og_type":"article","og_title":"Concert Olga 21 Avril 2018 - Le Manoir de la Baronnie","og_description":"&nbsp; voici les liens t\u00e9l\u00e9chargeables vers les mp3 du concert m\u00e9morable de Olga au manoir de la baronnie le 21 avril 2018: https:\/\/manoirdelabaronnie.fr\/wp-content\/uploads\/2018\/04\/1-Les-Lilas.mp3 https:\/\/manoirdelabaronnie.fr\/wp-content\/uploads\/2018\/04\/2-Le-reve.mp3 https:\/\/manoirdelabaronnie.fr\/wp-content\/uploads\/2018\/04\/3-Opus8-No4.mp3 https:\/\/manoirdelabaronnie.fr\/wp-content\/uploads\/2018\/04\/4-Opus4-No6.mp3 https:\/\/manoirdelabaronnie.fr\/wp-content\/uploads\/2018\/04\/5-Opus14-No1.mp3 https:\/\/manoirdelabaronnie.fr\/wp-content\/uploads\/2018\/04\/6-Opus21-No6.mp3 https:\/\/manoirdelabaronnie.fr\/wp-content\/uploads\/2018\/04\/7-Opus21-No4.mp3 https:\/\/manoirdelabaronnie.fr\/wp-content\/uploads\/2018\/04\/8-Opus21-No7.mp3 https:\/\/manoirdelabaronnie.fr\/wp-content\/uploads\/2018\/04\/9-Opus4-No5.mp3","og_url":"https:\/\/manoirdelabaronnie.fr\/index.php\/concert-olga\/","og_site_name":"Le Manoir de la Baronnie","article_modified_time":"2018-12-12T10:49:37+00:00","twitter_card":"summary_large_image","schema":{"@context":"https:\/\/schema.org","@graph":[{"@type":"WebPage","@id":"https:\/\/manoirdelabaronnie.fr\/index.php\/concert-olga\/","url":"https:\/\/manoirdelabaronnie.fr\/index.php\/concert-olga\/","name":"Concert Olga 21 Avril 2018 - Le Manoir de la Baronnie","isPartOf":{"@id":"https:\/\/manoirdelabaronnie.fr\/#website"},"datePublished":"2017-03-29T14:22:15+00:00","dateModified":"2018-12-12T10:49:37+00:00","breadcrumb":{"@id":"https:\/\/manoirdelabaronnie.fr\/index.php\/concert-olga\/#breadcrumb"},"inLanguage":"fr-FR","potentialAction":[{"@type":"ReadAction","target":["https:\/\/manoirdelabaronnie.fr\/index.php\/concert-olga\/"]}]},{"@type":"BreadcrumbList","@id":"https:\/\/manoirdelabaronnie.fr\/index.php\/concert-olga\/#breadcrumb","itemListElement":[{"@type":"ListItem","position":1,"name":"Accueil","item":"https:\/\/manoirdelabaronnie.fr\/"},{"@type":"ListItem","position":2,"name":"Concert Olga 21 Avril 2018"}]},{"@type":"WebSite","@id":"https:\/\/manoirdelabaronnie.fr\/#website","url":"https:\/\/manoirdelabaronnie.fr\/","name":"Le Manoir de la Baronnie","description":"Osez le m\u00e9di\u00e9val","potentialAction":[{"@type":"SearchAction","target":{"@type":"EntryPoint","urlTemplate":"https:\/\/manoirdelabaronnie.fr\/?s={search_term_string}"},"query-input":"required name=search_term_string"}],"inLanguage":"fr-FR"}]}},"_links":{"self":[{"href":"https:\/\/manoirdelabaronnie.fr\/index.php\/wp-json\/wp\/v2\/pages\/283"}],"collection":[{"href":"https:\/\/manoirdelabaronnie.fr\/index.php\/wp-json\/wp\/v2\/pages"}],"about":[{"href":"https:\/\/manoirdelabaronnie.fr\/index.php\/wp-json\/wp\/v2\/types\/page"}],"author":[{"embeddable":true,"href":"https:\/\/manoirdelabaronnie.fr\/index.php\/wp-json\/wp\/v2\/users\/1"}],"replies":[{"embeddable":true,"href":"https:\/\/manoirdelabaronnie.fr\/index.php\/wp-json\/wp\/v2\/comments?post=283"}],"version-history":[{"count":0,"href":"https:\/\/manoirdelabaronnie.fr\/index.php\/wp-json\/wp\/v2\/pages\/283\/revisions"}],"wp:attachment":[{"href":"https:\/\/manoirdelabaronnie.fr\/index.php\/wp-json\/wp\/v2\/media?parent=283"}],"curies":[{"name":"wp","href":"https:\/\/api.w.org\/{rel}","templated":true}]}}