{"id":293,"date":"2017-04-02T09:40:46","date_gmt":"2017-04-02T07:40:46","guid":{"rendered":"https:\/\/manoirdelabaronnie.fr\/?page_id=293"},"modified":"2024-12-14T12:24:53","modified_gmt":"2024-12-14T11:24:53","slug":"laurent-vuong-pianiste","status":"publish","type":"page","link":"https:\/\/manoirdelabaronnie.fr\/index.php\/laurent-vuong-pianiste\/","title":{"rendered":"Laurent Vuong Pianiste"},"content":{"rendered":"<p><img loading=\"lazy\" class=\"alignnone size-medium wp-image-1015\" src=\"https:\/\/manoirdelabaronnie.fr\/wp-content\/uploads\/2024\/12\/DSCF5136-200x300.jpg\" alt=\"\" width=\"200\" height=\"300\" srcset=\"https:\/\/manoirdelabaronnie.fr\/wp-content\/uploads\/2024\/12\/DSCF5136-200x300.jpg 200w, https:\/\/manoirdelabaronnie.fr\/wp-content\/uploads\/2024\/12\/DSCF5136-683x1024.jpg 683w, https:\/\/manoirdelabaronnie.fr\/wp-content\/uploads\/2024\/12\/DSCF5136-768x1152.jpg 768w, https:\/\/manoirdelabaronnie.fr\/wp-content\/uploads\/2024\/12\/DSCF5136-1024x1536.jpg 1024w, https:\/\/manoirdelabaronnie.fr\/wp-content\/uploads\/2024\/12\/DSCF5136-1365x2048.jpg 1365w, https:\/\/manoirdelabaronnie.fr\/wp-content\/uploads\/2024\/12\/DSCF5136-1200x1800.jpg 1200w, https:\/\/manoirdelabaronnie.fr\/wp-content\/uploads\/2024\/12\/DSCF5136-scaled.jpg 1707w\" sizes=\"(max-width: 200px) 85vw, 200px\" \/><\/p>\n<pre>Apr\u00e8s un prix du Conservatoire National de r\u00e9gion de Grenoble, Laurent \u00e9tudie \u00e0 la Schola Cantorum (Paris) et au conservatoire Rachmaninov (Paris). Il s'oriente vers l'accompagnement de chanteurs et instrumentistes et obtient un DE d'accompagnement.\r\nLaurent a \u00e9t\u00e9 accompagnateur au Conservatoire de Dreux (Chorale et instrumentistes), de la chorale Classic'n swing (Paris 15eme), de la chorale \"Les belles voix\" (Paris 20eme).\r\n\r\n\r\nIl est actuellement :\r\nPianiste Accompagnateur de l\u2019ensemble \"Les couleurs du ciel\" (Pontault Combault)\r\nPianiste Accompagnateur de la chorale Canthor\u00e8ge de Thorigny sur Marne\r\nPianiste Accompagnateur de la chorale Tutti Canti de Compans (95)\r\n\r\nDepuis quelques ann\u00e9es, il organise des stages de chants accompagn\u00e9s au piano au <a href=\"https:\/\/manoirdelabaronnie.fr\" target=\"_blank\" rel=\"noopener\">Manoir de la baronnie<\/a> :\r\n\r\nIl aborde la musique classique, mais aussi la vari\u00e9t\u00e9, le jazz et la musique du monde (musique vietnamienne notamment)\r\n\r\nIl a donn\u00e9 de nombreux concerts dans le cadre d\u2019accompagnements de chorales (r\u00e9pertoire classique\/Op\u00e9rette\/Jazz\/com\u00e9die musicale) mais aussi dans l\u2019accompagnement de chanteurs<\/pre>\n<p>En 2018 :<\/p>\n<pre>Concert le <strong>13 Janvier<\/strong> dans une maison de retraite des hauts de seine : Op\u00e9rette Mme Angot de Andr\u00e9 Messager\r\n\r\nConcert le <strong>27 Janvier<\/strong> \u00e0 l\u2019h\u00f4pital Bretonneau (Paris 18eme) : Accompagnement de la Soprano Marie Jorio (r\u00e9pertoire classique \/ vari\u00e9t\u00e9)<\/pre>\n<p>En 2019:<\/p>\n<pre>Concert le <strong>20 Janvier<\/strong>&nbsp; au Studio Legato (Paris 19eme): Accompagnement de la Soprano Olga Vojnovic et du flutiste Nicolas Hero\r\n (m\u00e9lodies de Rachmaninoff)\r\n\r\nConcert le <strong>14 Avril<\/strong> au Centre Culturel Italien (Paris 5\u00e9me) : Accompagnement de la Soprano Tatiana Yourkova (r\u00e9pertoire lyrique)<\/pre>\n<p>En 2020:<\/p>\n<pre>Concert de m\u00e9lodies en <strong>F\u00e9vrier<\/strong> avec la Soprano Delphine Lebovici (Paris 11eme)\r\n\r\nConcert en trio en <strong>septembre<\/strong> dans le grand auditorium du coll\u00e8ge des Bernardins (Paris 5\u00e8me) avec:\r\n\r\n-Marie jose Be\u00ffeler, Soprano\r\n\r\n-Jean Christophe Dumielle, clarinette<\/pre>\n<p>En 2021:<\/p>\n<pre>Concert de m\u00e9lodies en <strong>Juin<\/strong> avec la Soprano Delphine Lebovici (Au Manoir de la baronnie)\r\n\r\nConcert\/spectacle op\u00e9rette en <strong>Septembre<\/strong> en trio \u00e0 l'abbaye Cistercienne de Ch\u00e9h\u00e9ry (Ardennes)\r\n\"Je ne suis pas celui\/celle que vous croyez\"\r\n\r\n-Donatienne du Jeu : Soprano\r\n\r\n-Olivier Tuffier : T\u00e9nor\r\n\r\nConcert de m\u00e9lodies en <strong>d\u00e9cembre<\/strong> avec la Soprano Delphine Lebovici (Au centre Mado Robin, 75017)<\/pre>\n<p>En 2022:<\/p>\n<pre><strong>Janvier<\/strong> : concert au Conseil d'\u00e9tat pour le d\u00e9part \u00e0 la retraite du vice-pr\u00e9sident, avec la chorale du conseil d'Etat, devant le pr\u00e9sident de la r\u00e9publique (Mr Macron), le 1er ministre (Mr Castex), le garde des sceaux (Mr Dupont-Moretti)\r\n\r\n\r\nConcert\/spectacle op\u00e9rette \u00e0 l'Auguste Th\u00e9\u00e2tre (4 repr\u00e9sentations en <strong>Mars\/Avril<\/strong>)\r\n\"Je ne suis pas celui\/celle que vous croyez\"\r\n\r\n-Donatienne du Jeu : Soprano\r\n\r\n-Olivier Tuffier : T\u00e9nor\r\n\r\n-Mise en sc\u00e8ne : Sara Veyron\r\n\r\n<strong>Juin<\/strong> : Concerts \u00e0 Thorigny, Mitry-mory et Lagny avec les chorales Canthor\u00e8ge et Tutti Canti\r\n\r\n<strong>D\u00e9cembre<\/strong>: Concert de musique Sacr\u00e9e, Eglise saint-Roch, 75001 Paris\r\nEn association avec les chorales Tutti Canti de Compans et Canthor\u00e8ge de Thorigny\/Marne\r\nC. GOUNOD : Messe solennelle en l'honneur de Sainte-C\u00e9cile\r\nC. FRANCK : Dextera Domini\r\nMozart : Extraits\r\nJ. RUTTER : Chant de Noel<\/pre>\n<p>En 2023:<\/p>\n<pre><strong>Janvier<\/strong> : Concert\/spectacle op\u00e9rette \u00e0 Versailles \"Je ne suis pas celui\/celle que vous croyez\"\r\n\r\n-Donatienne du Jeu : Soprano\r\n\r\n-Olivier Tuffier : T\u00e9nor\r\n\r\n-Mise en sc\u00e8ne : Sara Veyron\r\n\r\n<strong>D\u00e9cembre<\/strong>: Concert de musique Sacr\u00e9e, Eglise saint-Roch, 75001 Paris En association avec les chorales Tutti Canti de Compans et Canthor\u00e8ge de Thorigny\/Marne\r\n\r\nSolistes : Vincent Gu\u00e9rin, Pauline Gaillard, Mathias Masson<\/pre>\n<p>En 2024:<\/p>\n<pre><strong>Mai<\/strong> : Concert\/spectacle au Manoir de la Baronnie (Orne)\r\n\r\n-Emmanuelle Isenmann : Soprano\r\n\r\n-Elisa Mank\u00e9 : Danse\r\n\r\n\r\n<strong>Novembre<\/strong> : Concert \u00e0 la chapelle de l'agneau de Dieu (Paris 12\u00e8me)\r\n\r\n-Sonia Anker : Soprano\r\n\r\n-Jeanne Truong : Mezzo\r\n\r\n<strong>D\u00e9cembre <\/strong>: Concert de musique Sacr\u00e9e, Eglise saint-Roch, 75001 Paris En association avec les chorales Tutti Canti de Compans et Canthor\u00e8ge de Thorigny\/Marne\r\n\r\nSolistes : Pauline Gaillard, Mathias Masson<\/pre>\n","protected":false},"excerpt":{"rendered":"<p>Apr\u00e8s un prix du Conservatoire National de r\u00e9gion de Grenoble, Laurent \u00e9tudie \u00e0 la Schola Cantorum (Paris) et au conservatoire Rachmaninov (Paris). Il s&rsquo;oriente vers l&rsquo;accompagnement de chanteurs et instrumentistes et obtient un DE d&rsquo;accompagnement. Laurent a \u00e9t\u00e9 accompagnateur au Conservatoire de Dreux (Chorale et instrumentistes), de la chorale Classic&rsquo;n swing (Paris 15eme), de la &hellip; <a href=\"https:\/\/manoirdelabaronnie.fr\/index.php\/laurent-vuong-pianiste\/\" class=\"more-link\">Continuer la lecture<span class=\"screen-reader-text\"> de &laquo;&nbsp;Laurent Vuong Pianiste&nbsp;&raquo;<\/span><\/a><\/p>\n","protected":false},"author":1,"featured_media":0,"parent":0,"menu_order":0,"comment_status":"closed","ping_status":"closed","template":"","meta":{"ngg_post_thumbnail":0},"yoast_head":"<!-- This site is optimized with the Yoast SEO plugin v20.4 - https:\/\/yoast.com\/wordpress\/plugins\/seo\/ -->\n<title>Laurent Vuong Pianiste - Le Manoir de la Baronnie<\/title>\n<meta name=\"robots\" content=\"index, follow, max-snippet:-1, max-image-preview:large, max-video-preview:-1\" \/>\n<link rel=\"canonical\" href=\"https:\/\/manoirdelabaronnie.fr\/index.php\/laurent-vuong-pianiste\/\" \/>\n<meta property=\"og:locale\" content=\"fr_FR\" \/>\n<meta property=\"og:type\" content=\"article\" \/>\n<meta property=\"og:title\" content=\"Laurent Vuong Pianiste - Le Manoir de la Baronnie\" \/>\n<meta property=\"og:description\" content=\"Apr\u00e8s un prix du Conservatoire National de r\u00e9gion de Grenoble, Laurent \u00e9tudie \u00e0 la Schola Cantorum (Paris) et au conservatoire Rachmaninov (Paris). Il s&#039;oriente vers l&#039;accompagnement de chanteurs et instrumentistes et obtient un DE d&#039;accompagnement. Laurent a \u00e9t\u00e9 accompagnateur au Conservatoire de Dreux (Chorale et instrumentistes), de la chorale Classic&#039;n swing (Paris 15eme), de la &hellip; Continuer la lecture de &laquo;&nbsp;Laurent Vuong Pianiste&nbsp;&raquo;\" \/>\n<meta property=\"og:url\" content=\"https:\/\/manoirdelabaronnie.fr\/index.php\/laurent-vuong-pianiste\/\" \/>\n<meta property=\"og:site_name\" content=\"Le Manoir de la Baronnie\" \/>\n<meta property=\"article:modified_time\" content=\"2024-12-14T11:24:53+00:00\" \/>\n<meta property=\"og:image\" content=\"https:\/\/manoirdelabaronnie.fr\/wp-content\/uploads\/2024\/12\/DSCF5136-200x300.jpg\" \/>\n<meta name=\"twitter:card\" content=\"summary_large_image\" \/>\n<meta name=\"twitter:label1\" content=\"Dur\u00e9e de lecture estim\u00e9e\" \/>\n\t<meta name=\"twitter:data1\" content=\"4 minutes\" \/>\n<script type=\"application\/ld+json\" class=\"yoast-schema-graph\">{\"@context\":\"https:\/\/schema.org\",\"@graph\":[{\"@type\":\"WebPage\",\"@id\":\"https:\/\/manoirdelabaronnie.fr\/index.php\/laurent-vuong-pianiste\/\",\"url\":\"https:\/\/manoirdelabaronnie.fr\/index.php\/laurent-vuong-pianiste\/\",\"name\":\"Laurent Vuong Pianiste - Le Manoir de la Baronnie\",\"isPartOf\":{\"@id\":\"https:\/\/manoirdelabaronnie.fr\/#website\"},\"datePublished\":\"2017-04-02T07:40:46+00:00\",\"dateModified\":\"2024-12-14T11:24:53+00:00\",\"breadcrumb\":{\"@id\":\"https:\/\/manoirdelabaronnie.fr\/index.php\/laurent-vuong-pianiste\/#breadcrumb\"},\"inLanguage\":\"fr-FR\",\"potentialAction\":[{\"@type\":\"ReadAction\",\"target\":[\"https:\/\/manoirdelabaronnie.fr\/index.php\/laurent-vuong-pianiste\/\"]}]},{\"@type\":\"BreadcrumbList\",\"@id\":\"https:\/\/manoirdelabaronnie.fr\/index.php\/laurent-vuong-pianiste\/#breadcrumb\",\"itemListElement\":[{\"@type\":\"ListItem\",\"position\":1,\"name\":\"Accueil\",\"item\":\"https:\/\/manoirdelabaronnie.fr\/\"},{\"@type\":\"ListItem\",\"position\":2,\"name\":\"Laurent Vuong Pianiste\"}]},{\"@type\":\"WebSite\",\"@id\":\"https:\/\/manoirdelabaronnie.fr\/#website\",\"url\":\"https:\/\/manoirdelabaronnie.fr\/\",\"name\":\"Le Manoir de la Baronnie\",\"description\":\"Osez le m\u00e9di\u00e9val\",\"potentialAction\":[{\"@type\":\"SearchAction\",\"target\":{\"@type\":\"EntryPoint\",\"urlTemplate\":\"https:\/\/manoirdelabaronnie.fr\/?s={search_term_string}\"},\"query-input\":\"required name=search_term_string\"}],\"inLanguage\":\"fr-FR\"}]}<\/script>\n<!-- \/ Yoast SEO plugin. -->","yoast_head_json":{"title":"Laurent Vuong Pianiste - Le Manoir de la Baronnie","robots":{"index":"index","follow":"follow","max-snippet":"max-snippet:-1","max-image-preview":"max-image-preview:large","max-video-preview":"max-video-preview:-1"},"canonical":"https:\/\/manoirdelabaronnie.fr\/index.php\/laurent-vuong-pianiste\/","og_locale":"fr_FR","og_type":"article","og_title":"Laurent Vuong Pianiste - Le Manoir de la Baronnie","og_description":"Apr\u00e8s un prix du Conservatoire National de r\u00e9gion de Grenoble, Laurent \u00e9tudie \u00e0 la Schola Cantorum (Paris) et au conservatoire Rachmaninov (Paris). Il s'oriente vers l'accompagnement de chanteurs et instrumentistes et obtient un DE d'accompagnement. Laurent a \u00e9t\u00e9 accompagnateur au Conservatoire de Dreux (Chorale et instrumentistes), de la chorale Classic'n swing (Paris 15eme), de la &hellip; Continuer la lecture de &laquo;&nbsp;Laurent Vuong Pianiste&nbsp;&raquo;","og_url":"https:\/\/manoirdelabaronnie.fr\/index.php\/laurent-vuong-pianiste\/","og_site_name":"Le Manoir de la Baronnie","article_modified_time":"2024-12-14T11:24:53+00:00","og_image":[{"url":"https:\/\/manoirdelabaronnie.fr\/wp-content\/uploads\/2024\/12\/DSCF5136-200x300.jpg"}],"twitter_card":"summary_large_image","twitter_misc":{"Dur\u00e9e de lecture estim\u00e9e":"4 minutes"},"schema":{"@context":"https:\/\/schema.org","@graph":[{"@type":"WebPage","@id":"https:\/\/manoirdelabaronnie.fr\/index.php\/laurent-vuong-pianiste\/","url":"https:\/\/manoirdelabaronnie.fr\/index.php\/laurent-vuong-pianiste\/","name":"Laurent Vuong Pianiste - Le Manoir de la Baronnie","isPartOf":{"@id":"https:\/\/manoirdelabaronnie.fr\/#website"},"datePublished":"2017-04-02T07:40:46+00:00","dateModified":"2024-12-14T11:24:53+00:00","breadcrumb":{"@id":"https:\/\/manoirdelabaronnie.fr\/index.php\/laurent-vuong-pianiste\/#breadcrumb"},"inLanguage":"fr-FR","potentialAction":[{"@type":"ReadAction","target":["https:\/\/manoirdelabaronnie.fr\/index.php\/laurent-vuong-pianiste\/"]}]},{"@type":"BreadcrumbList","@id":"https:\/\/manoirdelabaronnie.fr\/index.php\/laurent-vuong-pianiste\/#breadcrumb","itemListElement":[{"@type":"ListItem","position":1,"name":"Accueil","item":"https:\/\/manoirdelabaronnie.fr\/"},{"@type":"ListItem","position":2,"name":"Laurent Vuong Pianiste"}]},{"@type":"WebSite","@id":"https:\/\/manoirdelabaronnie.fr\/#website","url":"https:\/\/manoirdelabaronnie.fr\/","name":"Le Manoir de la Baronnie","description":"Osez le m\u00e9di\u00e9val","potentialAction":[{"@type":"SearchAction","target":{"@type":"EntryPoint","urlTemplate":"https:\/\/manoirdelabaronnie.fr\/?s={search_term_string}"},"query-input":"required name=search_term_string"}],"inLanguage":"fr-FR"}]}},"_links":{"self":[{"href":"https:\/\/manoirdelabaronnie.fr\/index.php\/wp-json\/wp\/v2\/pages\/293"}],"collection":[{"href":"https:\/\/manoirdelabaronnie.fr\/index.php\/wp-json\/wp\/v2\/pages"}],"about":[{"href":"https:\/\/manoirdelabaronnie.fr\/index.php\/wp-json\/wp\/v2\/types\/page"}],"author":[{"embeddable":true,"href":"https:\/\/manoirdelabaronnie.fr\/index.php\/wp-json\/wp\/v2\/users\/1"}],"replies":[{"embeddable":true,"href":"https:\/\/manoirdelabaronnie.fr\/index.php\/wp-json\/wp\/v2\/comments?post=293"}],"version-history":[{"count":4,"href":"https:\/\/manoirdelabaronnie.fr\/index.php\/wp-json\/wp\/v2\/pages\/293\/revisions"}],"predecessor-version":[{"id":1016,"href":"https:\/\/manoirdelabaronnie.fr\/index.php\/wp-json\/wp\/v2\/pages\/293\/revisions\/1016"}],"wp:attachment":[{"href":"https:\/\/manoirdelabaronnie.fr\/index.php\/wp-json\/wp\/v2\/media?parent=293"}],"curies":[{"name":"wp","href":"https:\/\/api.w.org\/{rel}","templated":true}]}}