{"id":4,"date":"2016-12-13T21:05:43","date_gmt":"2016-12-13T20:05:43","guid":{"rendered":"https:\/\/manoirdelabaronnie.fr\/?page_id=4"},"modified":"2017-02-17T21:42:17","modified_gmt":"2017-02-17T20:42:17","slug":"historique-du-manoir","status":"publish","type":"page","link":"https:\/\/manoirdelabaronnie.fr\/index.php\/historique-du-manoir\/","title":{"rendered":"Historique"},"content":{"rendered":"<p class=\"western\"><b>Bienvenue au Manoir de la Baronnie !<\/b><\/p>\n<p class=\"western\" align=\"justify\">Le nom \u00ab&nbsp;Baronnie&nbsp;\u00bb, fr\u00e9quent dans toute la France, est synonyme de seigneurie et a \u00e9t\u00e9 utilis\u00e9 \u00e0 partir du X\u00e8me si\u00e8cle pour d\u00e9signer la circonscription f\u00e9odale de base. Les \u00ab&nbsp;barons&nbsp;\u00bb \u00e9taient l\u2019ensemble des seigneurs \u00e0 qui un fief avait \u00e9t\u00e9 reconnu par le roi de France ou le duc de Normandie.<\/p>\n<p class=\"western\" align=\"justify\">On ignore la date exacte de construction du b\u00e2timent, mais elle se situe tr\u00e8s probablement au X\u00e8me si\u00e8cle ou au XI\u00e8me si\u00e8cle compte tenu de traces de ma\u00e7onnerie dite \u00ab&nbsp;en feuille de foug\u00e8re&nbsp;\u00bb que l\u2019on trouve encore dans les caves. La baronnie a appartenu tr\u00e8s t\u00f4t \u00e0 l\u2019abbaye de Cerisy-la-For\u00eat ( Manche). Pendant quelques d\u00e9cennies, elle a ainsi abrit\u00e9 un prieur\u00e9 de deux ou trois moines. L\u2019abb\u00e9 d\u00e9tenait sur les habitants de la Baronnie le droit de \u00ab haute justice&nbsp;\u00bb, c\u2019est-\u00e0-dire qu\u2019il pouvait m\u00eame prononcer des condamnations \u00e0 mort pour des faits criminels. Le b\u00e2timent \u00e9tait donc \u00e9galement, sous l\u2019ancien R\u00e9gime, un tribunal. Les audiences \u00e9taient tenues non par l\u2019abb\u00e9 lui-m\u00eame, mais par un \u00ab&nbsp;bailli&nbsp;\u00bb qui \u00e9tait souvent un avocat d\u2019Argentan. Dans l\u2019une des caves se trouve un crochet fix\u00e9 dans la vo\u00fbte et qui selon la l\u00e9gende, aurait servi \u00e0 des pendaisons\u2026L\u2019abb\u00e9 disposait \u00e9galement de l\u2019ensemble des droits f\u00e9odaux. Selon la l\u00e9gende, un souterrain reliait la Baronnie au village de Montmerrei.<\/p>\n<p class=\"western\" align=\"justify\">A partir de la fin du XIII\u00e8me si\u00e8cle, le b\u00e2timent n\u2019abrita plus aucun moine. L\u2019abb\u00e9 de Cerisy-la-For\u00eat d\u00e9cida de r\u00e9mun\u00e9rer un cur\u00e9 pour la paroisse et de louer le b\u00e2timent ainsi que son domaine qui comprenait alors de nombreuses fermes. Les locataires vont se succ\u00e9der jusqu\u2019\u00e0 la R\u00e9volution, d\u2019abord \u00ab&nbsp;gentilshommes&nbsp;\u00bb, puis simples fermiers. Ils b\u00e9n\u00e9ficiaient des droits f\u00e9odaux mais reversaient \u00e0 l\u2019abbaye un loyer qui comprenait des \u00e9l\u00e9ments en nature comme des volailles.<\/p>\n<p class=\"western\" align=\"justify\">Des transformations importantes eurent lieu aux XV\u00e8me et XVI\u00e8me si\u00e8cles, dans le but de moderniser les b\u00e2timents et \u00e9galement de les consolider. Dans le b\u00e2timent d\u2019origine, celui qui se trouve \u00e0 droite de la tour, l\u2019\u00e9tage situ\u00e9 sous les combles, pourvu initialement de lucarnes et d\u2019une chemin\u00e9e, et qui servait probablement de \u00ab&nbsp;salle haute de justice&nbsp;\u00bb, est devenu un simple grenier. Au premier \u00e9tage ont \u00e9t\u00e9 perc\u00e9es de grandes fen\u00eatres Renaissance \u00e0 meneaux. Des contreforts ont \u00e9t\u00e9 pos\u00e9s pour pr\u00e9venir un possible effondrement de l\u2019\u00e9difice, fragilis\u00e9 par une lourde charpente. Une tour en pierres de taille et un nouveau b\u00e2timent d\u2019habitation ( \u00e0 gauche de la tour) ont \u00e9t\u00e9 ajout\u00e9s.<\/p>\n<p class=\"western\" align=\"justify\">En 1792, la baronnie de Marcei a \u00e9t\u00e9 vendue comme bien national au dernier locataire de l\u2019abbaye. Elle est rest\u00e9e une exploitation agricole jusque dans les ann\u00e9es 1960.<\/p>\n<p class=\"western\" align=\"justify\">Aujourd\u2019hui, la baronnie comporte encore plusieurs b\u00e2timents, mais nombre d\u2019entre eux ont \u00e9t\u00e9 transform\u00e9s ou d\u00e9truits.<\/p>\n","protected":false},"excerpt":{"rendered":"<p>Bienvenue au Manoir de la Baronnie ! Le nom \u00ab&nbsp;Baronnie&nbsp;\u00bb, fr\u00e9quent dans toute la France, est synonyme de seigneurie et a \u00e9t\u00e9 utilis\u00e9 \u00e0 partir du X\u00e8me si\u00e8cle pour d\u00e9signer la circonscription f\u00e9odale de base. Les \u00ab&nbsp;barons&nbsp;\u00bb \u00e9taient l\u2019ensemble des seigneurs \u00e0 qui un fief avait \u00e9t\u00e9 reconnu par le roi de France ou le &hellip; <a href=\"https:\/\/manoirdelabaronnie.fr\/index.php\/historique-du-manoir\/\" class=\"more-link\">Continuer la lecture<span class=\"screen-reader-text\"> de &laquo;&nbsp;Historique&nbsp;&raquo;<\/span><\/a><\/p>\n","protected":false},"author":1,"featured_media":0,"parent":0,"menu_order":0,"comment_status":"closed","ping_status":"closed","template":"","meta":{"ngg_post_thumbnail":0},"yoast_head":"<!-- This site is optimized with the Yoast SEO plugin v20.4 - https:\/\/yoast.com\/wordpress\/plugins\/seo\/ -->\n<title>Historique - Le Manoir de la Baronnie<\/title>\n<meta name=\"robots\" content=\"index, follow, max-snippet:-1, max-image-preview:large, max-video-preview:-1\" \/>\n<link rel=\"canonical\" href=\"https:\/\/manoirdelabaronnie.fr\/index.php\/historique-du-manoir\/\" \/>\n<meta property=\"og:locale\" content=\"fr_FR\" \/>\n<meta property=\"og:type\" content=\"article\" \/>\n<meta property=\"og:title\" content=\"Historique - Le Manoir de la Baronnie\" \/>\n<meta property=\"og:description\" content=\"Bienvenue au Manoir de la Baronnie ! Le nom \u00ab&nbsp;Baronnie&nbsp;\u00bb, fr\u00e9quent dans toute la France, est synonyme de seigneurie et a \u00e9t\u00e9 utilis\u00e9 \u00e0 partir du X\u00e8me si\u00e8cle pour d\u00e9signer la circonscription f\u00e9odale de base. Les \u00ab&nbsp;barons&nbsp;\u00bb \u00e9taient l\u2019ensemble des seigneurs \u00e0 qui un fief avait \u00e9t\u00e9 reconnu par le roi de France ou le &hellip; Continuer la lecture de &laquo;&nbsp;Historique&nbsp;&raquo;\" \/>\n<meta property=\"og:url\" content=\"https:\/\/manoirdelabaronnie.fr\/index.php\/historique-du-manoir\/\" \/>\n<meta property=\"og:site_name\" content=\"Le Manoir de la Baronnie\" \/>\n<meta property=\"article:modified_time\" content=\"2017-02-17T20:42:17+00:00\" \/>\n<meta name=\"twitter:card\" content=\"summary_large_image\" \/>\n<meta name=\"twitter:label1\" content=\"Dur\u00e9e de lecture estim\u00e9e\" \/>\n\t<meta name=\"twitter:data1\" content=\"3 minutes\" \/>\n<script type=\"application\/ld+json\" class=\"yoast-schema-graph\">{\"@context\":\"https:\/\/schema.org\",\"@graph\":[{\"@type\":\"WebPage\",\"@id\":\"https:\/\/manoirdelabaronnie.fr\/index.php\/historique-du-manoir\/\",\"url\":\"https:\/\/manoirdelabaronnie.fr\/index.php\/historique-du-manoir\/\",\"name\":\"Historique - Le Manoir de la Baronnie\",\"isPartOf\":{\"@id\":\"https:\/\/manoirdelabaronnie.fr\/#website\"},\"datePublished\":\"2016-12-13T20:05:43+00:00\",\"dateModified\":\"2017-02-17T20:42:17+00:00\",\"breadcrumb\":{\"@id\":\"https:\/\/manoirdelabaronnie.fr\/index.php\/historique-du-manoir\/#breadcrumb\"},\"inLanguage\":\"fr-FR\",\"potentialAction\":[{\"@type\":\"ReadAction\",\"target\":[\"https:\/\/manoirdelabaronnie.fr\/index.php\/historique-du-manoir\/\"]}]},{\"@type\":\"BreadcrumbList\",\"@id\":\"https:\/\/manoirdelabaronnie.fr\/index.php\/historique-du-manoir\/#breadcrumb\",\"itemListElement\":[{\"@type\":\"ListItem\",\"position\":1,\"name\":\"Accueil\",\"item\":\"https:\/\/manoirdelabaronnie.fr\/\"},{\"@type\":\"ListItem\",\"position\":2,\"name\":\"Historique\"}]},{\"@type\":\"WebSite\",\"@id\":\"https:\/\/manoirdelabaronnie.fr\/#website\",\"url\":\"https:\/\/manoirdelabaronnie.fr\/\",\"name\":\"Le Manoir de la Baronnie\",\"description\":\"Osez le m\u00e9di\u00e9val\",\"potentialAction\":[{\"@type\":\"SearchAction\",\"target\":{\"@type\":\"EntryPoint\",\"urlTemplate\":\"https:\/\/manoirdelabaronnie.fr\/?s={search_term_string}\"},\"query-input\":\"required name=search_term_string\"}],\"inLanguage\":\"fr-FR\"}]}<\/script>\n<!-- \/ Yoast SEO plugin. -->","yoast_head_json":{"title":"Historique - Le Manoir de la Baronnie","robots":{"index":"index","follow":"follow","max-snippet":"max-snippet:-1","max-image-preview":"max-image-preview:large","max-video-preview":"max-video-preview:-1"},"canonical":"https:\/\/manoirdelabaronnie.fr\/index.php\/historique-du-manoir\/","og_locale":"fr_FR","og_type":"article","og_title":"Historique - Le Manoir de la Baronnie","og_description":"Bienvenue au Manoir de la Baronnie ! Le nom \u00ab&nbsp;Baronnie&nbsp;\u00bb, fr\u00e9quent dans toute la France, est synonyme de seigneurie et a \u00e9t\u00e9 utilis\u00e9 \u00e0 partir du X\u00e8me si\u00e8cle pour d\u00e9signer la circonscription f\u00e9odale de base. Les \u00ab&nbsp;barons&nbsp;\u00bb \u00e9taient l\u2019ensemble des seigneurs \u00e0 qui un fief avait \u00e9t\u00e9 reconnu par le roi de France ou le &hellip; Continuer la lecture de &laquo;&nbsp;Historique&nbsp;&raquo;","og_url":"https:\/\/manoirdelabaronnie.fr\/index.php\/historique-du-manoir\/","og_site_name":"Le Manoir de la Baronnie","article_modified_time":"2017-02-17T20:42:17+00:00","twitter_card":"summary_large_image","twitter_misc":{"Dur\u00e9e de lecture estim\u00e9e":"3 minutes"},"schema":{"@context":"https:\/\/schema.org","@graph":[{"@type":"WebPage","@id":"https:\/\/manoirdelabaronnie.fr\/index.php\/historique-du-manoir\/","url":"https:\/\/manoirdelabaronnie.fr\/index.php\/historique-du-manoir\/","name":"Historique - Le Manoir de la Baronnie","isPartOf":{"@id":"https:\/\/manoirdelabaronnie.fr\/#website"},"datePublished":"2016-12-13T20:05:43+00:00","dateModified":"2017-02-17T20:42:17+00:00","breadcrumb":{"@id":"https:\/\/manoirdelabaronnie.fr\/index.php\/historique-du-manoir\/#breadcrumb"},"inLanguage":"fr-FR","potentialAction":[{"@type":"ReadAction","target":["https:\/\/manoirdelabaronnie.fr\/index.php\/historique-du-manoir\/"]}]},{"@type":"BreadcrumbList","@id":"https:\/\/manoirdelabaronnie.fr\/index.php\/historique-du-manoir\/#breadcrumb","itemListElement":[{"@type":"ListItem","position":1,"name":"Accueil","item":"https:\/\/manoirdelabaronnie.fr\/"},{"@type":"ListItem","position":2,"name":"Historique"}]},{"@type":"WebSite","@id":"https:\/\/manoirdelabaronnie.fr\/#website","url":"https:\/\/manoirdelabaronnie.fr\/","name":"Le Manoir de la Baronnie","description":"Osez le m\u00e9di\u00e9val","potentialAction":[{"@type":"SearchAction","target":{"@type":"EntryPoint","urlTemplate":"https:\/\/manoirdelabaronnie.fr\/?s={search_term_string}"},"query-input":"required name=search_term_string"}],"inLanguage":"fr-FR"}]}},"_links":{"self":[{"href":"https:\/\/manoirdelabaronnie.fr\/index.php\/wp-json\/wp\/v2\/pages\/4"}],"collection":[{"href":"https:\/\/manoirdelabaronnie.fr\/index.php\/wp-json\/wp\/v2\/pages"}],"about":[{"href":"https:\/\/manoirdelabaronnie.fr\/index.php\/wp-json\/wp\/v2\/types\/page"}],"author":[{"embeddable":true,"href":"https:\/\/manoirdelabaronnie.fr\/index.php\/wp-json\/wp\/v2\/users\/1"}],"replies":[{"embeddable":true,"href":"https:\/\/manoirdelabaronnie.fr\/index.php\/wp-json\/wp\/v2\/comments?post=4"}],"version-history":[{"count":0,"href":"https:\/\/manoirdelabaronnie.fr\/index.php\/wp-json\/wp\/v2\/pages\/4\/revisions"}],"wp:attachment":[{"href":"https:\/\/manoirdelabaronnie.fr\/index.php\/wp-json\/wp\/v2\/media?parent=4"}],"curies":[{"name":"wp","href":"https:\/\/api.w.org\/{rel}","templated":true}]}}