{"id":449,"date":"2018-04-30T20:27:37","date_gmt":"2018-04-30T18:27:37","guid":{"rendered":"https:\/\/manoirdelabaronnie.fr\/?page_id=449"},"modified":"2018-12-12T11:48:54","modified_gmt":"2018-12-12T10:48:54","slug":"concert-emmanuelle","status":"publish","type":"page","link":"https:\/\/manoirdelabaronnie.fr\/index.php\/concert-emmanuelle\/","title":{"rendered":"Concert Emmanuelle 29 Avril 2018"},"content":{"rendered":"<p>Voici les liens t\u00e9l\u00e9chargeables vers les mp3 du concert m\u00e9morable d&rsquo;Emmanuelle Isenmann le 29 avril 2018 au th\u00e9\u00e2tre les Rendez-vous d&rsquo;ailleurs:<\/p>\n<p><a href=\"https:\/\/manoirdelabaronnie.fr\/wp-content\/uploads\/2018\/05\/1-Apres_un_reve_Faure.mp3\" target=\"_blank\">https:\/\/manoirdelabaronnie.fr\/wp-content\/uploads\/2018\/05\/1-Apres_un_reve_Faure.mp3<\/a><\/p>\n<p><a href=\"https:\/\/manoirdelabaronnie.fr\/wp-content\/uploads\/2018\/05\/2-Romance_Faure.mp3\" target=\"_blank\">https:\/\/manoirdelabaronnie.fr\/wp-content\/uploads\/2018\/05\/2-Romance_Faure.mp3<\/a><\/p>\n<p><a href=\"https:\/\/manoirdelabaronnie.fr\/wp-content\/uploads\/2018\/05\/3-Beau_soir_Faure.mp3\" target=\"_blank\">https:\/\/manoirdelabaronnie.fr\/wp-content\/uploads\/2018\/05\/3-Beau_soir_Faure.mp3<\/a><\/p>\n<p><a href=\"https:\/\/manoirdelabaronnie.fr\/wp-content\/uploads\/2018\/05\/4-Bilitis_Strohl.mp3\" target=\"_blank\">https:\/\/manoirdelabaronnie.fr\/wp-content\/uploads\/2018\/05\/4-Bilitis_Strohl.mp3<\/a><\/p>\n<p><a href=\"https:\/\/manoirdelabaronnie.fr\/wp-content\/uploads\/2018\/05\/5-Le_secret_Faure.mp3\" target=\"_blank\">https:\/\/manoirdelabaronnie.fr.wp-content\/uploads\/2018\/05\/5-Le_secret_Faure.mp3<\/a><\/p>\n<p><a href=\"https:\/\/manoirdelabaronnie.fr\/wp-content\/uploads\/2018\/05\/6-Au_bord_de_l_eau._Faure.mp3\" target=\"_blank\">https:\/\/manoirdelabaronnie.fr\/wp-content\/uploads\/2018\/05\/6-Au_bord_de_l_eau._Faure.mp3<\/a><\/p>\n<p><a href=\"https:\/\/manoirdelabaronnie.fr\/wp-content\/uploads\/2018\/05\/7-Clair_de_lune_Faure.mp3\" target=\"_blank\">https:\/\/manoirdelabaronnie.fr.wp-content\/uploads\/2018\/05\/7-Clair_de_lune_Faure.mp3<\/a><\/p>\n<p><a href=\"https:\/\/manoirdelabaronnie.fr\/wp-content\/uploads\/2018\/05\/8-Fleur_dessechee_Viardot.mp3\" target=\"_blank\">https:\/\/manoirdelabaronnie.fr\/wp-content\/uploads\/2018\/05\/8-Fleur_dessechee_Viardot.mp3<\/a><\/p>\n<p><a href=\"https:\/\/manoirdelabaronnie.fr\/wp-content\/uploads\/2018\/05\/9-Puisqu_ici_bas_toute_ame_Faure.mp3\" target=\"_blank\">https:\/\/manoirdelabaronnie.fr\/wp-content\/uploads\/2018\/05\/9-Puisqu_ici_bas_toute_ame_Faure.mp3<\/a><\/p>\n<p><a href=\"https:\/\/manoirdelabaronnie.fr\/wp-content\/uploads\/2018\/05\/10-Vocalises_Rachmaninoff.mp3\" target=\"_blank\">https:\/\/manoirdelabaronnie.fr\/wp-content\/uploads\/2018\/05\/10-Vocalises_Rachmaninoff.mp3<\/a><\/p>\n<p><a href=\"https:\/\/manoirdelabaronnie.fr\/wp-content\/uploads\/2018\/05\/11-Opus4_No3_Rachmaninoff.mp3\" target=\"_blank\">https:\/\/manoirdelabaronnie.fr\/wp-content\/uploads\/2018\/05\/11-Opus4_No3_Rachmaninoff.mp3<\/a><\/p>\n<p><a href=\"https:\/\/manoirdelabaronnie.fr\/wp-content\/uploads\/2018\/05\/12-Opus21_No5_Rachmaninoff.mp3\" target=\"_blank\">https:\/\/manoirdelabaronnie.fr\/wp-content\/uploads\/2018\/05\/12-Opus21_No5_Rachmaninoff.mp3<\/a><\/p>\n<p><a href=\"https:\/\/manoirdelabaronnie.fr\/wp-content\/uploads\/2018\/05\/13-Opus8_No5_Rachmaninoff.mp3\" target=\"_blank\">https:\/\/manoirdelabaronnie.fr\/wp-content\/uploads\/2018\/05\/13-Opus8_No5_Rachmaninoff.mp3<\/a><\/p>\n<p><a href=\"https:\/\/manoirdelabaronnie.fr\/wp-content\/uploads\/2018\/05\/14-Opus4_No6_Rachmaninoff.mp3\" target=\"_blank\">https:\/\/manoirdelabaronnie.fr\/wp-content\/uploads\/2018\/05\/14-Opus4_No6_Rachmaninoff.mp3<\/a><\/p>\n<p><a href=\"https:\/\/manoirdelabaronnie.fr\/wp-content\/uploads\/2018\/05\/15-Opus4_No5_Rachmaninoff.mp3\" target=\"_blank\">https:\/\/manoirdelabaronnie.fr\/wp-content\/uploads\/2018\/05\/15-Opus4_No5_Rachmaninoff.mp3<\/a><\/p>\n<p>&nbsp;<\/p>\n","protected":false},"excerpt":{"rendered":"<p>Voici les liens t\u00e9l\u00e9chargeables vers les mp3 du concert m\u00e9morable d&rsquo;Emmanuelle Isenmann le 29 avril 2018 au th\u00e9\u00e2tre les Rendez-vous d&rsquo;ailleurs: https:\/\/manoirdelabaronnie.fr\/wp-content\/uploads\/2018\/05\/1-Apres_un_reve_Faure.mp3 https:\/\/manoirdelabaronnie.fr\/wp-content\/uploads\/2018\/05\/2-Romance_Faure.mp3 https:\/\/manoirdelabaronnie.fr\/wp-content\/uploads\/2018\/05\/3-Beau_soir_Faure.mp3 https:\/\/manoirdelabaronnie.fr\/wp-content\/uploads\/2018\/05\/4-Bilitis_Strohl.mp3 https:\/\/manoirdelabaronnie.fr.wp-content\/uploads\/2018\/05\/5-Le_secret_Faure.mp3 https:\/\/manoirdelabaronnie.fr\/wp-content\/uploads\/2018\/05\/6-Au_bord_de_l_eau._Faure.mp3 https:\/\/manoirdelabaronnie.fr.wp-content\/uploads\/2018\/05\/7-Clair_de_lune_Faure.mp3 https:\/\/manoirdelabaronnie.fr\/wp-content\/uploads\/2018\/05\/8-Fleur_dessechee_Viardot.mp3 https:\/\/manoirdelabaronnie.fr\/wp-content\/uploads\/2018\/05\/9-Puisqu_ici_bas_toute_ame_Faure.mp3 https:\/\/manoirdelabaronnie.fr\/wp-content\/uploads\/2018\/05\/10-Vocalises_Rachmaninoff.mp3 https:\/\/manoirdelabaronnie.fr\/wp-content\/uploads\/2018\/05\/11-Opus4_No3_Rachmaninoff.mp3 https:\/\/manoirdelabaronnie.fr\/wp-content\/uploads\/2018\/05\/12-Opus21_No5_Rachmaninoff.mp3 https:\/\/manoirdelabaronnie.fr\/wp-content\/uploads\/2018\/05\/13-Opus8_No5_Rachmaninoff.mp3 https:\/\/manoirdelabaronnie.fr\/wp-content\/uploads\/2018\/05\/14-Opus4_No6_Rachmaninoff.mp3 https:\/\/manoirdelabaronnie.fr\/wp-content\/uploads\/2018\/05\/15-Opus4_No5_Rachmaninoff.mp3 &nbsp;<\/p>\n","protected":false},"author":1,"featured_media":0,"parent":0,"menu_order":0,"comment_status":"closed","ping_status":"closed","template":"","meta":{"ngg_post_thumbnail":0},"yoast_head":"<!-- This site is optimized with the Yoast SEO plugin v20.4 - https:\/\/yoast.com\/wordpress\/plugins\/seo\/ -->\n<title>Concert Emmanuelle 29 Avril 2018 - Le Manoir de la Baronnie<\/title>\n<meta name=\"robots\" content=\"index, follow, max-snippet:-1, max-image-preview:large, max-video-preview:-1\" \/>\n<link rel=\"canonical\" href=\"https:\/\/manoirdelabaronnie.fr\/index.php\/concert-emmanuelle\/\" \/>\n<meta property=\"og:locale\" content=\"fr_FR\" \/>\n<meta property=\"og:type\" content=\"article\" \/>\n<meta property=\"og:title\" content=\"Concert Emmanuelle 29 Avril 2018 - Le Manoir de la Baronnie\" \/>\n<meta property=\"og:description\" content=\"Voici les liens t\u00e9l\u00e9chargeables vers les mp3 du concert m\u00e9morable d&rsquo;Emmanuelle Isenmann le 29 avril 2018 au th\u00e9\u00e2tre les Rendez-vous d&rsquo;ailleurs: https:\/\/manoirdelabaronnie.fr\/wp-content\/uploads\/2018\/05\/1-Apres_un_reve_Faure.mp3 https:\/\/manoirdelabaronnie.fr\/wp-content\/uploads\/2018\/05\/2-Romance_Faure.mp3 https:\/\/manoirdelabaronnie.fr\/wp-content\/uploads\/2018\/05\/3-Beau_soir_Faure.mp3 https:\/\/manoirdelabaronnie.fr\/wp-content\/uploads\/2018\/05\/4-Bilitis_Strohl.mp3 https:\/\/manoirdelabaronnie.fr.wp-content\/uploads\/2018\/05\/5-Le_secret_Faure.mp3 https:\/\/manoirdelabaronnie.fr\/wp-content\/uploads\/2018\/05\/6-Au_bord_de_l_eau._Faure.mp3 https:\/\/manoirdelabaronnie.fr.wp-content\/uploads\/2018\/05\/7-Clair_de_lune_Faure.mp3 https:\/\/manoirdelabaronnie.fr\/wp-content\/uploads\/2018\/05\/8-Fleur_dessechee_Viardot.mp3 https:\/\/manoirdelabaronnie.fr\/wp-content\/uploads\/2018\/05\/9-Puisqu_ici_bas_toute_ame_Faure.mp3 https:\/\/manoirdelabaronnie.fr\/wp-content\/uploads\/2018\/05\/10-Vocalises_Rachmaninoff.mp3 https:\/\/manoirdelabaronnie.fr\/wp-content\/uploads\/2018\/05\/11-Opus4_No3_Rachmaninoff.mp3 https:\/\/manoirdelabaronnie.fr\/wp-content\/uploads\/2018\/05\/12-Opus21_No5_Rachmaninoff.mp3 https:\/\/manoirdelabaronnie.fr\/wp-content\/uploads\/2018\/05\/13-Opus8_No5_Rachmaninoff.mp3 https:\/\/manoirdelabaronnie.fr\/wp-content\/uploads\/2018\/05\/14-Opus4_No6_Rachmaninoff.mp3 https:\/\/manoirdelabaronnie.fr\/wp-content\/uploads\/2018\/05\/15-Opus4_No5_Rachmaninoff.mp3 &nbsp;\" \/>\n<meta property=\"og:url\" content=\"https:\/\/manoirdelabaronnie.fr\/index.php\/concert-emmanuelle\/\" \/>\n<meta property=\"og:site_name\" content=\"Le Manoir de la Baronnie\" \/>\n<meta property=\"article:modified_time\" content=\"2018-12-12T10:48:54+00:00\" \/>\n<meta name=\"twitter:card\" content=\"summary_large_image\" \/>\n<meta name=\"twitter:label1\" content=\"Dur\u00e9e de lecture estim\u00e9e\" \/>\n\t<meta name=\"twitter:data1\" content=\"1 minute\" \/>\n<script type=\"application\/ld+json\" class=\"yoast-schema-graph\">{\"@context\":\"https:\/\/schema.org\",\"@graph\":[{\"@type\":\"WebPage\",\"@id\":\"https:\/\/manoirdelabaronnie.fr\/index.php\/concert-emmanuelle\/\",\"url\":\"https:\/\/manoirdelabaronnie.fr\/index.php\/concert-emmanuelle\/\",\"name\":\"Concert Emmanuelle 29 Avril 2018 - Le Manoir de la Baronnie\",\"isPartOf\":{\"@id\":\"https:\/\/manoirdelabaronnie.fr\/#website\"},\"datePublished\":\"2018-04-30T18:27:37+00:00\",\"dateModified\":\"2018-12-12T10:48:54+00:00\",\"breadcrumb\":{\"@id\":\"https:\/\/manoirdelabaronnie.fr\/index.php\/concert-emmanuelle\/#breadcrumb\"},\"inLanguage\":\"fr-FR\",\"potentialAction\":[{\"@type\":\"ReadAction\",\"target\":[\"https:\/\/manoirdelabaronnie.fr\/index.php\/concert-emmanuelle\/\"]}]},{\"@type\":\"BreadcrumbList\",\"@id\":\"https:\/\/manoirdelabaronnie.fr\/index.php\/concert-emmanuelle\/#breadcrumb\",\"itemListElement\":[{\"@type\":\"ListItem\",\"position\":1,\"name\":\"Accueil\",\"item\":\"https:\/\/manoirdelabaronnie.fr\/\"},{\"@type\":\"ListItem\",\"position\":2,\"name\":\"Concert Emmanuelle 29 Avril 2018\"}]},{\"@type\":\"WebSite\",\"@id\":\"https:\/\/manoirdelabaronnie.fr\/#website\",\"url\":\"https:\/\/manoirdelabaronnie.fr\/\",\"name\":\"Le Manoir de la Baronnie\",\"description\":\"Osez le m\u00e9di\u00e9val\",\"potentialAction\":[{\"@type\":\"SearchAction\",\"target\":{\"@type\":\"EntryPoint\",\"urlTemplate\":\"https:\/\/manoirdelabaronnie.fr\/?s={search_term_string}\"},\"query-input\":\"required name=search_term_string\"}],\"inLanguage\":\"fr-FR\"}]}<\/script>\n<!-- \/ Yoast SEO plugin. -->","yoast_head_json":{"title":"Concert Emmanuelle 29 Avril 2018 - Le Manoir de la Baronnie","robots":{"index":"index","follow":"follow","max-snippet":"max-snippet:-1","max-image-preview":"max-image-preview:large","max-video-preview":"max-video-preview:-1"},"canonical":"https:\/\/manoirdelabaronnie.fr\/index.php\/concert-emmanuelle\/","og_locale":"fr_FR","og_type":"article","og_title":"Concert Emmanuelle 29 Avril 2018 - Le Manoir de la Baronnie","og_description":"Voici les liens t\u00e9l\u00e9chargeables vers les mp3 du concert m\u00e9morable d&rsquo;Emmanuelle Isenmann le 29 avril 2018 au th\u00e9\u00e2tre les Rendez-vous d&rsquo;ailleurs: https:\/\/manoirdelabaronnie.fr\/wp-content\/uploads\/2018\/05\/1-Apres_un_reve_Faure.mp3 https:\/\/manoirdelabaronnie.fr\/wp-content\/uploads\/2018\/05\/2-Romance_Faure.mp3 https:\/\/manoirdelabaronnie.fr\/wp-content\/uploads\/2018\/05\/3-Beau_soir_Faure.mp3 https:\/\/manoirdelabaronnie.fr\/wp-content\/uploads\/2018\/05\/4-Bilitis_Strohl.mp3 https:\/\/manoirdelabaronnie.fr.wp-content\/uploads\/2018\/05\/5-Le_secret_Faure.mp3 https:\/\/manoirdelabaronnie.fr\/wp-content\/uploads\/2018\/05\/6-Au_bord_de_l_eau._Faure.mp3 https:\/\/manoirdelabaronnie.fr.wp-content\/uploads\/2018\/05\/7-Clair_de_lune_Faure.mp3 https:\/\/manoirdelabaronnie.fr\/wp-content\/uploads\/2018\/05\/8-Fleur_dessechee_Viardot.mp3 https:\/\/manoirdelabaronnie.fr\/wp-content\/uploads\/2018\/05\/9-Puisqu_ici_bas_toute_ame_Faure.mp3 https:\/\/manoirdelabaronnie.fr\/wp-content\/uploads\/2018\/05\/10-Vocalises_Rachmaninoff.mp3 https:\/\/manoirdelabaronnie.fr\/wp-content\/uploads\/2018\/05\/11-Opus4_No3_Rachmaninoff.mp3 https:\/\/manoirdelabaronnie.fr\/wp-content\/uploads\/2018\/05\/12-Opus21_No5_Rachmaninoff.mp3 https:\/\/manoirdelabaronnie.fr\/wp-content\/uploads\/2018\/05\/13-Opus8_No5_Rachmaninoff.mp3 https:\/\/manoirdelabaronnie.fr\/wp-content\/uploads\/2018\/05\/14-Opus4_No6_Rachmaninoff.mp3 https:\/\/manoirdelabaronnie.fr\/wp-content\/uploads\/2018\/05\/15-Opus4_No5_Rachmaninoff.mp3 &nbsp;","og_url":"https:\/\/manoirdelabaronnie.fr\/index.php\/concert-emmanuelle\/","og_site_name":"Le Manoir de la Baronnie","article_modified_time":"2018-12-12T10:48:54+00:00","twitter_card":"summary_large_image","twitter_misc":{"Dur\u00e9e de lecture estim\u00e9e":"1 minute"},"schema":{"@context":"https:\/\/schema.org","@graph":[{"@type":"WebPage","@id":"https:\/\/manoirdelabaronnie.fr\/index.php\/concert-emmanuelle\/","url":"https:\/\/manoirdelabaronnie.fr\/index.php\/concert-emmanuelle\/","name":"Concert Emmanuelle 29 Avril 2018 - Le Manoir de la Baronnie","isPartOf":{"@id":"https:\/\/manoirdelabaronnie.fr\/#website"},"datePublished":"2018-04-30T18:27:37+00:00","dateModified":"2018-12-12T10:48:54+00:00","breadcrumb":{"@id":"https:\/\/manoirdelabaronnie.fr\/index.php\/concert-emmanuelle\/#breadcrumb"},"inLanguage":"fr-FR","potentialAction":[{"@type":"ReadAction","target":["https:\/\/manoirdelabaronnie.fr\/index.php\/concert-emmanuelle\/"]}]},{"@type":"BreadcrumbList","@id":"https:\/\/manoirdelabaronnie.fr\/index.php\/concert-emmanuelle\/#breadcrumb","itemListElement":[{"@type":"ListItem","position":1,"name":"Accueil","item":"https:\/\/manoirdelabaronnie.fr\/"},{"@type":"ListItem","position":2,"name":"Concert Emmanuelle 29 Avril 2018"}]},{"@type":"WebSite","@id":"https:\/\/manoirdelabaronnie.fr\/#website","url":"https:\/\/manoirdelabaronnie.fr\/","name":"Le Manoir de la Baronnie","description":"Osez le m\u00e9di\u00e9val","potentialAction":[{"@type":"SearchAction","target":{"@type":"EntryPoint","urlTemplate":"https:\/\/manoirdelabaronnie.fr\/?s={search_term_string}"},"query-input":"required name=search_term_string"}],"inLanguage":"fr-FR"}]}},"_links":{"self":[{"href":"https:\/\/manoirdelabaronnie.fr\/index.php\/wp-json\/wp\/v2\/pages\/449"}],"collection":[{"href":"https:\/\/manoirdelabaronnie.fr\/index.php\/wp-json\/wp\/v2\/pages"}],"about":[{"href":"https:\/\/manoirdelabaronnie.fr\/index.php\/wp-json\/wp\/v2\/types\/page"}],"author":[{"embeddable":true,"href":"https:\/\/manoirdelabaronnie.fr\/index.php\/wp-json\/wp\/v2\/users\/1"}],"replies":[{"embeddable":true,"href":"https:\/\/manoirdelabaronnie.fr\/index.php\/wp-json\/wp\/v2\/comments?post=449"}],"version-history":[{"count":0,"href":"https:\/\/manoirdelabaronnie.fr\/index.php\/wp-json\/wp\/v2\/pages\/449\/revisions"}],"wp:attachment":[{"href":"https:\/\/manoirdelabaronnie.fr\/index.php\/wp-json\/wp\/v2\/media?parent=449"}],"curies":[{"name":"wp","href":"https:\/\/api.w.org\/{rel}","templated":true}]}}