{"id":484,"date":"2018-12-08T14:31:02","date_gmt":"2018-12-08T13:31:02","guid":{"rendered":"https:\/\/manoirdelabaronnie.fr\/?page_id=484"},"modified":"2019-03-02T08:41:26","modified_gmt":"2019-03-02T07:41:26","slug":"concert-20-janvier-2019","status":"publish","type":"page","link":"https:\/\/manoirdelabaronnie.fr\/index.php\/concert-20-janvier-2019\/","title":{"rendered":"Concert du 20 Janvier 2019"},"content":{"rendered":"<hr>\n<p>\u200eCette page permet de r\u00e9-\u00e9couter le Concert du 20 Janvier 2019 au <a href=\"https:\/\/www.lelegato.com\" target=\"_blank\">studio Legato<\/a>, 145 Rue de Belleville, 75019 Paris \u00e0 17h<\/p>\n<p><strong>Interpr\u00e8tes:<\/strong><\/p>\n<p>Olga Vojnovic (Soprano), Nicolas&nbsp; Hero (Fl\u00fbte), Laurent Vuong (piano)<\/p>\n<p style=\"padding-left: 30px;\">&nbsp;<a href=\"https:\/\/manoirdelabaronnie.fr\/wp-content\/uploads\/2018\/12\/concert-olga.jpg\" target=\"_blank\">TELECHARGER L&rsquo;AFFICHE<\/a><\/p>\n<p><a href=\"https:\/\/manoirdelabaronnie.fr\/wp-content\/uploads\/2019\/01\/1_Sonate_Prokofiev_Opus_94.mp3\" target=\"_blank\">1-Sonate flute-piano de Prokofiev Op 94 (1er mouvement)<\/a><\/p>\n<p><a href=\"https:\/\/manoirdelabaronnie.fr\/wp-content\/uploads\/2019\/01\/2_Les_Lilas_Opus_21.mp3\" target=\"_blank\">2-Les lilas , chant-piano de Rachmaninov Opus 21 N\u00b05<\/a><\/p>\n<p><a href=\"https:\/\/manoirdelabaronnie.fr\/wp-content\/uploads\/2019\/01\/3_Le_reve_Opus_8.mp3\" target=\"_blank\">3-Un r\u00eave, chant-piano de Rachmaninov Opus 8 N\u00b05<\/a><\/p>\n<p><a href=\"https:\/\/manoirdelabaronnie.fr\/wp-content\/uploads\/2019\/01\/4_La_vie_du_soldat_Opus_8.mp3\" target=\"_blank\">4-La femme du soldat, chant-piano de Rachmaninov Opus 8 N\u00b0 4<\/a><\/p>\n<p><a href=\"https:\/\/manoirdelabaronnie.fr\/wp-content\/uploads\/2019\/01\/5_Opus_4_No_4.mp3\" target=\"_blank\">5-Chant-piano de Rachmaninov Opus 4 N\u00b0 4<\/a><\/p>\n<p><a href=\"https:\/\/manoirdelabaronnie.fr\/wp-content\/uploads\/2019\/01\/6-Vocalise.mp3\" target=\"_blank\">6-Vocalise de Rachmaninov, version flute-piano Opus 34 N\u00b0 14<\/a><\/p>\n<p><a href=\"https:\/\/manoirdelabaronnie.fr\/wp-content\/uploads\/2019\/01\/7-Opus_4_No_6.mp3\" target=\"_blank\">7-Chant-piano de Rachmaninov Opus 4 N\u00b0 6<\/a><\/p>\n<p><a href=\"https:\/\/manoirdelabaronnie.fr\/wp-content\/uploads\/2019\/01\/8-La_reponse_Opus_21.mp3\" target=\"_blank\">8-La r\u00e9ponse, chant-piano de Rachmaninov Opus 21 N\u00b0 4<\/a><\/p>\n<p><a href=\"https:\/\/manoirdelabaronnie.fr\/wp-content\/uploads\/2019\/01\/9-Solitude_Opus_21.mp3\" target=\"_blank\">9-Solitude, chant-piano de Rachmaninov Opus 21 N\u00b0 6<\/a><\/p>\n<p><a href=\"https:\/\/manoirdelabaronnie.fr\/wp-content\/uploads\/2019\/01\/10-Opus_14_No_1.mp3\" target=\"_blank\">10-Chant-piano de Rachmaninov Opus 14 N\u00b0 1<\/a><\/p>\n<p><a href=\"https:\/\/manoirdelabaronnie.fr\/wp-content\/uploads\/2019\/01\/11-Tchaikowski_Air_des_Lensky.mp3\" target=\"_blank\">11-Air des Lensky de Tcha\u00efkovski, version flute-piano<\/a><\/p>\n<p><a href=\"https:\/\/manoirdelabaronnie.fr\/wp-content\/uploads\/2019\/01\/12-Tchaikowski_Serenade.mp3\" target=\"_blank\">12-S\u00e9r\u00e9nade de Tcha\u00efkovski chant-piano Opus 63 N\u00b0 6<\/a><\/p>\n<p><a href=\"https:\/\/manoirdelabaronnie.fr\/wp-content\/uploads\/2019\/01\/13-Tchaikowski_Opus_2_No_2.mp3\" target=\"_blank\">13-Trio de Tcha\u00efkovski Opus 2 N\u00b0 2<\/a><\/p>\n<p><a href=\"https:\/\/manoirdelabaronnie.fr\/wp-content\/uploads\/2019\/01\/14-Ipolitov_1.mp3\" target=\"_blank\">14-Trio Ipolitov-Ivanov &#8211; N\u00b0 1 Opus 68<\/a><\/p>\n<p><a href=\"https:\/\/manoirdelabaronnie.fr\/wp-content\/uploads\/2019\/01\/15-Ipolitov_2.mp3\" target=\"_blank\">15-Trio Ipolitov-Ivanov &#8211; N\u00b0 2 Opus 68<\/a><\/p>\n<p><a href=\"https:\/\/manoirdelabaronnie.fr\/wp-content\/uploads\/2019\/01\/16-Ipolitov_3.mp3\" target=\"_blank\">16-Trio Ipolitov-Ivanov &#8211; N\u00b0 3 Opus 68<\/a><\/p>\n<p><a href=\"https:\/\/manoirdelabaronnie.fr\/wp-content\/uploads\/2019\/01\/17-Ipolitov_4new.mp3\" target=\"_blank\">17-Trio Ipolitov-Ivanov &#8211; N\u00b0 4 Opus 68<\/a><\/p>\n<p><a href=\"https:\/\/manoirdelabaronnie.fr\/wp-content\/uploads\/2019\/01\/18-Opus_14_No_11.mp3\" target=\"_blank\">18-Les eaux du printemps, chant-piano de Rachmaninov Opus 14 N\u00b0 11<\/a><\/p>\n<p>&nbsp;<\/p>\n<p style=\"text-align: justify;\">&nbsp;<\/p>\n<p style=\"text-align: justify;\">&nbsp;<\/p>\n","protected":false},"excerpt":{"rendered":"<p>\u200eCette page permet de r\u00e9-\u00e9couter le Concert du 20 Janvier 2019 au studio Legato, 145 Rue de Belleville, 75019 Paris \u00e0 17h Interpr\u00e8tes: Olga Vojnovic (Soprano), Nicolas&nbsp; Hero (Fl\u00fbte), Laurent Vuong (piano) &nbsp;TELECHARGER L&rsquo;AFFICHE 1-Sonate flute-piano de Prokofiev Op 94 (1er mouvement) 2-Les lilas , chant-piano de Rachmaninov Opus 21 N\u00b05 3-Un r\u00eave, chant-piano de &hellip; <a href=\"https:\/\/manoirdelabaronnie.fr\/index.php\/concert-20-janvier-2019\/\" class=\"more-link\">Continuer la lecture<span class=\"screen-reader-text\"> de &laquo;&nbsp;Concert du 20 Janvier 2019&nbsp;&raquo;<\/span><\/a><\/p>\n","protected":false},"author":1,"featured_media":0,"parent":0,"menu_order":0,"comment_status":"closed","ping_status":"closed","template":"","meta":{"ngg_post_thumbnail":0},"yoast_head":"<!-- This site is optimized with the Yoast SEO plugin v20.4 - https:\/\/yoast.com\/wordpress\/plugins\/seo\/ -->\n<title>Concert du 20 Janvier 2019 - Le Manoir de la Baronnie<\/title>\n<meta name=\"robots\" content=\"index, follow, max-snippet:-1, max-image-preview:large, max-video-preview:-1\" \/>\n<link rel=\"canonical\" href=\"https:\/\/manoirdelabaronnie.fr\/index.php\/concert-20-janvier-2019\/\" \/>\n<meta property=\"og:locale\" content=\"fr_FR\" \/>\n<meta property=\"og:type\" content=\"article\" \/>\n<meta property=\"og:title\" content=\"Concert du 20 Janvier 2019 - Le Manoir de la Baronnie\" \/>\n<meta property=\"og:description\" content=\"\u200eCette page permet de r\u00e9-\u00e9couter le Concert du 20 Janvier 2019 au studio Legato, 145 Rue de Belleville, 75019 Paris \u00e0 17h Interpr\u00e8tes: Olga Vojnovic (Soprano), Nicolas&nbsp; Hero (Fl\u00fbte), Laurent Vuong (piano) &nbsp;TELECHARGER L&rsquo;AFFICHE 1-Sonate flute-piano de Prokofiev Op 94 (1er mouvement) 2-Les lilas , chant-piano de Rachmaninov Opus 21 N\u00b05 3-Un r\u00eave, chant-piano de &hellip; Continuer la lecture de &laquo;&nbsp;Concert du 20 Janvier 2019&nbsp;&raquo;\" \/>\n<meta property=\"og:url\" content=\"https:\/\/manoirdelabaronnie.fr\/index.php\/concert-20-janvier-2019\/\" \/>\n<meta property=\"og:site_name\" content=\"Le Manoir de la Baronnie\" \/>\n<meta property=\"article:modified_time\" content=\"2019-03-02T07:41:26+00:00\" \/>\n<meta name=\"twitter:card\" content=\"summary_large_image\" \/>\n<meta name=\"twitter:label1\" content=\"Dur\u00e9e de lecture estim\u00e9e\" \/>\n\t<meta name=\"twitter:data1\" content=\"1 minute\" \/>\n<script type=\"application\/ld+json\" class=\"yoast-schema-graph\">{\"@context\":\"https:\/\/schema.org\",\"@graph\":[{\"@type\":\"WebPage\",\"@id\":\"https:\/\/manoirdelabaronnie.fr\/index.php\/concert-20-janvier-2019\/\",\"url\":\"https:\/\/manoirdelabaronnie.fr\/index.php\/concert-20-janvier-2019\/\",\"name\":\"Concert du 20 Janvier 2019 - Le Manoir de la Baronnie\",\"isPartOf\":{\"@id\":\"https:\/\/manoirdelabaronnie.fr\/#website\"},\"datePublished\":\"2018-12-08T13:31:02+00:00\",\"dateModified\":\"2019-03-02T07:41:26+00:00\",\"breadcrumb\":{\"@id\":\"https:\/\/manoirdelabaronnie.fr\/index.php\/concert-20-janvier-2019\/#breadcrumb\"},\"inLanguage\":\"fr-FR\",\"potentialAction\":[{\"@type\":\"ReadAction\",\"target\":[\"https:\/\/manoirdelabaronnie.fr\/index.php\/concert-20-janvier-2019\/\"]}]},{\"@type\":\"BreadcrumbList\",\"@id\":\"https:\/\/manoirdelabaronnie.fr\/index.php\/concert-20-janvier-2019\/#breadcrumb\",\"itemListElement\":[{\"@type\":\"ListItem\",\"position\":1,\"name\":\"Accueil\",\"item\":\"https:\/\/manoirdelabaronnie.fr\/\"},{\"@type\":\"ListItem\",\"position\":2,\"name\":\"Concert du 20 Janvier 2019\"}]},{\"@type\":\"WebSite\",\"@id\":\"https:\/\/manoirdelabaronnie.fr\/#website\",\"url\":\"https:\/\/manoirdelabaronnie.fr\/\",\"name\":\"Le Manoir de la Baronnie\",\"description\":\"Osez le m\u00e9di\u00e9val\",\"potentialAction\":[{\"@type\":\"SearchAction\",\"target\":{\"@type\":\"EntryPoint\",\"urlTemplate\":\"https:\/\/manoirdelabaronnie.fr\/?s={search_term_string}\"},\"query-input\":\"required name=search_term_string\"}],\"inLanguage\":\"fr-FR\"}]}<\/script>\n<!-- \/ Yoast SEO plugin. -->","yoast_head_json":{"title":"Concert du 20 Janvier 2019 - Le Manoir de la Baronnie","robots":{"index":"index","follow":"follow","max-snippet":"max-snippet:-1","max-image-preview":"max-image-preview:large","max-video-preview":"max-video-preview:-1"},"canonical":"https:\/\/manoirdelabaronnie.fr\/index.php\/concert-20-janvier-2019\/","og_locale":"fr_FR","og_type":"article","og_title":"Concert du 20 Janvier 2019 - Le Manoir de la Baronnie","og_description":"\u200eCette page permet de r\u00e9-\u00e9couter le Concert du 20 Janvier 2019 au studio Legato, 145 Rue de Belleville, 75019 Paris \u00e0 17h Interpr\u00e8tes: Olga Vojnovic (Soprano), Nicolas&nbsp; Hero (Fl\u00fbte), Laurent Vuong (piano) &nbsp;TELECHARGER L&rsquo;AFFICHE 1-Sonate flute-piano de Prokofiev Op 94 (1er mouvement) 2-Les lilas , chant-piano de Rachmaninov Opus 21 N\u00b05 3-Un r\u00eave, chant-piano de &hellip; Continuer la lecture de &laquo;&nbsp;Concert du 20 Janvier 2019&nbsp;&raquo;","og_url":"https:\/\/manoirdelabaronnie.fr\/index.php\/concert-20-janvier-2019\/","og_site_name":"Le Manoir de la Baronnie","article_modified_time":"2019-03-02T07:41:26+00:00","twitter_card":"summary_large_image","twitter_misc":{"Dur\u00e9e de lecture estim\u00e9e":"1 minute"},"schema":{"@context":"https:\/\/schema.org","@graph":[{"@type":"WebPage","@id":"https:\/\/manoirdelabaronnie.fr\/index.php\/concert-20-janvier-2019\/","url":"https:\/\/manoirdelabaronnie.fr\/index.php\/concert-20-janvier-2019\/","name":"Concert du 20 Janvier 2019 - Le Manoir de la Baronnie","isPartOf":{"@id":"https:\/\/manoirdelabaronnie.fr\/#website"},"datePublished":"2018-12-08T13:31:02+00:00","dateModified":"2019-03-02T07:41:26+00:00","breadcrumb":{"@id":"https:\/\/manoirdelabaronnie.fr\/index.php\/concert-20-janvier-2019\/#breadcrumb"},"inLanguage":"fr-FR","potentialAction":[{"@type":"ReadAction","target":["https:\/\/manoirdelabaronnie.fr\/index.php\/concert-20-janvier-2019\/"]}]},{"@type":"BreadcrumbList","@id":"https:\/\/manoirdelabaronnie.fr\/index.php\/concert-20-janvier-2019\/#breadcrumb","itemListElement":[{"@type":"ListItem","position":1,"name":"Accueil","item":"https:\/\/manoirdelabaronnie.fr\/"},{"@type":"ListItem","position":2,"name":"Concert du 20 Janvier 2019"}]},{"@type":"WebSite","@id":"https:\/\/manoirdelabaronnie.fr\/#website","url":"https:\/\/manoirdelabaronnie.fr\/","name":"Le Manoir de la Baronnie","description":"Osez le m\u00e9di\u00e9val","potentialAction":[{"@type":"SearchAction","target":{"@type":"EntryPoint","urlTemplate":"https:\/\/manoirdelabaronnie.fr\/?s={search_term_string}"},"query-input":"required name=search_term_string"}],"inLanguage":"fr-FR"}]}},"_links":{"self":[{"href":"https:\/\/manoirdelabaronnie.fr\/index.php\/wp-json\/wp\/v2\/pages\/484"}],"collection":[{"href":"https:\/\/manoirdelabaronnie.fr\/index.php\/wp-json\/wp\/v2\/pages"}],"about":[{"href":"https:\/\/manoirdelabaronnie.fr\/index.php\/wp-json\/wp\/v2\/types\/page"}],"author":[{"embeddable":true,"href":"https:\/\/manoirdelabaronnie.fr\/index.php\/wp-json\/wp\/v2\/users\/1"}],"replies":[{"embeddable":true,"href":"https:\/\/manoirdelabaronnie.fr\/index.php\/wp-json\/wp\/v2\/comments?post=484"}],"version-history":[{"count":0,"href":"https:\/\/manoirdelabaronnie.fr\/index.php\/wp-json\/wp\/v2\/pages\/484\/revisions"}],"wp:attachment":[{"href":"https:\/\/manoirdelabaronnie.fr\/index.php\/wp-json\/wp\/v2\/media?parent=484"}],"curies":[{"name":"wp","href":"https:\/\/api.w.org\/{rel}","templated":true}]}}