{"id":543,"date":"2019-03-05T20:55:42","date_gmt":"2019-03-05T19:55:42","guid":{"rendered":"https:\/\/manoirdelabaronnie.fr\/?page_id=543"},"modified":"2021-07-02T16:09:28","modified_gmt":"2021-07-02T14:09:28","slug":"concert-14-avril-2019","status":"publish","type":"page","link":"https:\/\/manoirdelabaronnie.fr\/index.php\/concert-14-avril-2019\/","title":{"rendered":"Concert du 14 Avril 2019"},"content":{"rendered":"<p>Cette page vous permet de r\u00e9-\u00e9couter le concert du 14 Avril 2019 donn\u00e9 au Conservatoire d&rsquo;Antony par:<\/p>\n<p>-La Soprano Tatiana Yourkova, diplom\u00e9e du conservatoire de Leningrad, Russie<\/p>\n<p>-La violoniste Maria Christiany du conservatoire de Moscou<\/p>\n<p>-Le pianiste <a href=\"https:\/\/manoirdelabaronnie.fr\/index.php\/laurent-vuong-pianiste\/\" target=\"_blank\">Laurent Vuong<\/a><\/p>\n<p><a href=\"https:\/\/manoirdelabaronnie.fr\/wp-content\/uploads\/2019\/04\/1 - Ave Maria Caccini.mp3\" target=\"_blank\">https:\/\/manoirdelabaronnie.fr\/wp-content\/uploads\/2019\/04\/1 &#8211; Ave Maria Caccini.mp3<\/a><\/p>\n<p>&nbsp;<\/p>\n<p><a href=\"https:\/\/manoirdelabaronnie.fr\/wp-content\/uploads\/2019\/04\/2-Porgi Amor - Mozart.mp3\" target=\"_blank\">https:\/\/manoirdelabaronnie.fr\/wp-content\/uploads\/2019\/04\/2-Porgi Amor &#8211; Mozart.mp3<\/a><\/p>\n<p>&nbsp;<\/p>\n<p><a href=\"https:\/\/manoirdelabaronnie.fr\/wp-content\/uploads\/2019\/04\/3- Quando m'en vo - Puccini.mp3\" target=\"_blank\">https:\/\/manoirdelabaronnie.fr\/wp-content\/uploads\/2019\/04\/3- Quando m&rsquo;en vo &#8211; Puccini.mp3<\/a><\/p>\n<p>&nbsp;<\/p>\n<p>&nbsp;<br \/>\n<a href=\"https:\/\/manoirdelabaronnie.fr\/wp-content\/uploads\/2019\/04\/4-Un bel didi vedremo - Puccini.mp3\" target=\"_blank\">https:\/\/manoirdelabaronnie.fr\/wp-content\/uploads\/2019\/04\/4-Un bel didi vedremo &#8211; Puccini.mp3<\/a><\/p>\n<p>&nbsp;<\/p>\n<p>&nbsp;<br \/>\n<a href=\"https:\/\/manoirdelabaronnie.fr\/wp-content\/uploads\/2019\/04\/5- O mio babbino caro - Puccini.mp3\" target=\"_blank\">https:\/\/manoirdelabaronnie.fr\/wp-content\/uploads\/2019\/04\/5- O mio babbino caro &#8211; Puccini.mp3<\/a><\/p>\n<p>&nbsp;<br \/>\n<a href=\"https:\/\/manoirdelabaronnie.fr\/wp-content\/uploads\/2019\/04\/6- Meditation de !thais - Massenet.mp3\" target=\"_blank\">https:\/\/manoirdelabaronnie.fr\/wp-content\/uploads\/2019\/04\/6- Meditation de !thais &#8211; Massenet.mp3<\/a><\/p>\n<p>&nbsp;<\/p>\n<p><a href=\"https:\/\/manoirdelabaronnie.fr\/wp-content\/uploads\/2019\/04\/7- Serenade - Schubert.mp3\" target=\"_blank\">https:\/\/manoirdelabaronnie.fr\/wp-content\/uploads\/2019\/04\/7- Serenade &#8211; Schubert.mp3<\/a><\/p>\n<p>&nbsp;<\/p>\n<p>&nbsp;<br \/>\n<a href=\"https:\/\/manoirdelabaronnie.fr\/wp-content\/uploads\/2019\/04\/8- La Serenata -Braga.mp3\" target=\"_blank\">https:\/\/manoirdelabaronnie.fr\/wp-content\/uploads\/2019\/04\/8- La Serenata -Braga.mp3<\/a><\/p>\n<p>&nbsp;<\/p>\n<p>&nbsp;<br \/>\n<a href=\"https:\/\/manoirdelabaronnie.fr\/wp-content\/uploads\/2019\/04\/9- Ya pomniu - Glinka.mp3\" target=\"_blank\">https:\/\/manoirdelabaronnie.fr\/wp-content\/uploads\/2019\/04\/9- Ya pomniu &#8211; Glinka.mp3<\/a><\/p>\n<p>&nbsp;<\/p>\n<p>&nbsp;<br \/>\n<a href=\"https:\/\/manoirdelabaronnie.fr\/wp-content\/uploads\/2019\/04\/10 - Sred choumnogo - Tchaikovsky.mp3\" target=\"_blank\">https:\/\/manoirdelabaronnie.fr\/wp-content\/uploads\/2019\/04\/10 &#8211; Sred choumnogo &#8211; Tchaikovsky.mp3<\/a><\/p>\n<p>&nbsp;<\/p>\n<p>&nbsp;<br \/>\n<a href=\"https:\/\/manoirdelabaronnie.fr\/wp-content\/uploads\/2019\/04\/11- Comment disent-ils - Rachmaninov.mp3\" target=\"_blank\">https:\/\/manoirdelabaronnie.fr\/wp-content\/uploads\/2019\/04\/11- Comment disent-ils &#8211; Rachmaninov.mp3<\/a><\/p>\n<p>&nbsp;<\/p>\n<p>&nbsp;<br \/>\n<a href=\"https:\/\/manoirdelabaronnie.fr\/wp-content\/uploads\/2019\/04\/12 - Je t'aimais pour ma tristesse - Rachmaninov.mp3\" target=\"_blank\">https:\/\/manoirdelabaronnie.fr\/wp-content\/uploads\/2019\/04\/12 &#8211; Je t&rsquo;aimais pour ma tristesse &#8211; Rachmaninov.mp3<\/a><\/p>\n<p>&nbsp;<\/p>\n<p>&nbsp;<br \/>\n<a href=\"https:\/\/manoirdelabaronnie.fr\/wp-content\/uploads\/2019\/04\/13 - Vocalises - Rachmaninov.mp3\" target=\"_blank\">https:\/\/manoirdelabaronnie.fr\/wp-content\/uploads\/2019\/04\/13 &#8211; Vocalises &#8211; Rachmaninov.mp3<\/a><\/p>\n<p>&nbsp;<\/p>\n<p>&nbsp;<br \/>\n<a href=\"https:\/\/manoirdelabaronnie.fr\/wp-content\/uploads\/2019\/04\/14 - Je t'attend - Rachmaninov.mp3\" target=\"_blank\">https:\/\/manoirdelabaronnie.fr\/wp-content\/uploads\/2019\/04\/14 &#8211; Je t&rsquo;attend &#8211; Rachmaninov.mp3<\/a><\/p>\n<p>&nbsp;<\/p>\n<p>&nbsp;<br \/>\n<a href=\"https:\/\/manoirdelabaronnie.fr\/wp-content\/uploads\/2019\/04\/15 - Ne chante pas la belle devant moi-Rachmaninov.mp3\" target=\"_blank\">https:\/\/manoirdelabaronnie.fr\/wp-content\/uploads\/2019\/04\/15 &#8211; Ne chante pas la belle devant moi-Rachmaninov.mp3<\/a><\/p>\n<p>&nbsp;<\/p>\n<p>&nbsp;<br \/>\n<a href=\"https:\/\/manoirdelabaronnie.fr\/wp-content\/uploads\/2019\/04\/16- Les eaux du printemps- Rachmaninov.mp3\" target=\"_blank\">https:\/\/manoirdelabaronnie.fr\/wp-content\/uploads\/2019\/04\/16- Les eaux du printemps- Rachmaninov.mp3<\/a><\/p>\n<p>&nbsp;<\/p>\n<p>&nbsp;<\/p>\n","protected":false},"excerpt":{"rendered":"<p>Cette page vous permet de r\u00e9-\u00e9couter le concert du 14 Avril 2019 donn\u00e9 au Conservatoire d&rsquo;Antony par: -La Soprano Tatiana Yourkova, diplom\u00e9e du conservatoire de Leningrad, Russie -La violoniste Maria Christiany du conservatoire de Moscou -Le pianiste Laurent Vuong https:\/\/manoirdelabaronnie.fr\/wp-content\/uploads\/2019\/04\/1 &#8211; Ave Maria Caccini.mp3 &nbsp; https:\/\/manoirdelabaronnie.fr\/wp-content\/uploads\/2019\/04\/2-Porgi Amor &#8211; Mozart.mp3 &nbsp; https:\/\/manoirdelabaronnie.fr\/wp-content\/uploads\/2019\/04\/3- Quando m&rsquo;en vo &#8211; &hellip; <a href=\"https:\/\/manoirdelabaronnie.fr\/index.php\/concert-14-avril-2019\/\" class=\"more-link\">Continuer la lecture<span class=\"screen-reader-text\"> de &laquo;&nbsp;Concert du 14 Avril 2019&nbsp;&raquo;<\/span><\/a><\/p>\n","protected":false},"author":1,"featured_media":0,"parent":0,"menu_order":0,"comment_status":"closed","ping_status":"closed","template":"","meta":{"ngg_post_thumbnail":0},"yoast_head":"<!-- This site is optimized with the Yoast SEO plugin v20.4 - https:\/\/yoast.com\/wordpress\/plugins\/seo\/ -->\n<title>Concert du 14 Avril 2019 - Le Manoir de la Baronnie<\/title>\n<meta name=\"robots\" content=\"index, follow, max-snippet:-1, max-image-preview:large, max-video-preview:-1\" \/>\n<link rel=\"canonical\" href=\"https:\/\/manoirdelabaronnie.fr\/index.php\/concert-14-avril-2019\/\" \/>\n<meta property=\"og:locale\" content=\"fr_FR\" \/>\n<meta property=\"og:type\" content=\"article\" \/>\n<meta property=\"og:title\" content=\"Concert du 14 Avril 2019 - Le Manoir de la Baronnie\" \/>\n<meta property=\"og:description\" content=\"Cette page vous permet de r\u00e9-\u00e9couter le concert du 14 Avril 2019 donn\u00e9 au Conservatoire d&rsquo;Antony par: -La Soprano Tatiana Yourkova, diplom\u00e9e du conservatoire de Leningrad, Russie -La violoniste Maria Christiany du conservatoire de Moscou -Le pianiste Laurent Vuong https:\/\/manoirdelabaronnie.fr\/wp-content\/uploads\/2019\/04\/1 &#8211; Ave Maria Caccini.mp3 &nbsp; https:\/\/manoirdelabaronnie.fr\/wp-content\/uploads\/2019\/04\/2-Porgi Amor &#8211; Mozart.mp3 &nbsp; https:\/\/manoirdelabaronnie.fr\/wp-content\/uploads\/2019\/04\/3- Quando m&rsquo;en vo &#8211; &hellip; Continuer la lecture de &laquo;&nbsp;Concert du 14 Avril 2019&nbsp;&raquo;\" \/>\n<meta property=\"og:url\" content=\"https:\/\/manoirdelabaronnie.fr\/index.php\/concert-14-avril-2019\/\" \/>\n<meta property=\"og:site_name\" content=\"Le Manoir de la Baronnie\" \/>\n<meta property=\"article:modified_time\" content=\"2021-07-02T14:09:28+00:00\" \/>\n<meta name=\"twitter:card\" content=\"summary_large_image\" \/>\n<meta name=\"twitter:label1\" content=\"Dur\u00e9e de lecture estim\u00e9e\" \/>\n\t<meta name=\"twitter:data1\" content=\"1 minute\" \/>\n<script type=\"application\/ld+json\" class=\"yoast-schema-graph\">{\"@context\":\"https:\/\/schema.org\",\"@graph\":[{\"@type\":\"WebPage\",\"@id\":\"https:\/\/manoirdelabaronnie.fr\/index.php\/concert-14-avril-2019\/\",\"url\":\"https:\/\/manoirdelabaronnie.fr\/index.php\/concert-14-avril-2019\/\",\"name\":\"Concert du 14 Avril 2019 - Le Manoir de la Baronnie\",\"isPartOf\":{\"@id\":\"https:\/\/manoirdelabaronnie.fr\/#website\"},\"datePublished\":\"2019-03-05T19:55:42+00:00\",\"dateModified\":\"2021-07-02T14:09:28+00:00\",\"breadcrumb\":{\"@id\":\"https:\/\/manoirdelabaronnie.fr\/index.php\/concert-14-avril-2019\/#breadcrumb\"},\"inLanguage\":\"fr-FR\",\"potentialAction\":[{\"@type\":\"ReadAction\",\"target\":[\"https:\/\/manoirdelabaronnie.fr\/index.php\/concert-14-avril-2019\/\"]}]},{\"@type\":\"BreadcrumbList\",\"@id\":\"https:\/\/manoirdelabaronnie.fr\/index.php\/concert-14-avril-2019\/#breadcrumb\",\"itemListElement\":[{\"@type\":\"ListItem\",\"position\":1,\"name\":\"Accueil\",\"item\":\"https:\/\/manoirdelabaronnie.fr\/\"},{\"@type\":\"ListItem\",\"position\":2,\"name\":\"Concert du 14 Avril 2019\"}]},{\"@type\":\"WebSite\",\"@id\":\"https:\/\/manoirdelabaronnie.fr\/#website\",\"url\":\"https:\/\/manoirdelabaronnie.fr\/\",\"name\":\"Le Manoir de la Baronnie\",\"description\":\"Osez le m\u00e9di\u00e9val\",\"potentialAction\":[{\"@type\":\"SearchAction\",\"target\":{\"@type\":\"EntryPoint\",\"urlTemplate\":\"https:\/\/manoirdelabaronnie.fr\/?s={search_term_string}\"},\"query-input\":\"required name=search_term_string\"}],\"inLanguage\":\"fr-FR\"}]}<\/script>\n<!-- \/ Yoast SEO plugin. -->","yoast_head_json":{"title":"Concert du 14 Avril 2019 - Le Manoir de la Baronnie","robots":{"index":"index","follow":"follow","max-snippet":"max-snippet:-1","max-image-preview":"max-image-preview:large","max-video-preview":"max-video-preview:-1"},"canonical":"https:\/\/manoirdelabaronnie.fr\/index.php\/concert-14-avril-2019\/","og_locale":"fr_FR","og_type":"article","og_title":"Concert du 14 Avril 2019 - Le Manoir de la Baronnie","og_description":"Cette page vous permet de r\u00e9-\u00e9couter le concert du 14 Avril 2019 donn\u00e9 au Conservatoire d&rsquo;Antony par: -La Soprano Tatiana Yourkova, diplom\u00e9e du conservatoire de Leningrad, Russie -La violoniste Maria Christiany du conservatoire de Moscou -Le pianiste Laurent Vuong https:\/\/manoirdelabaronnie.fr\/wp-content\/uploads\/2019\/04\/1 &#8211; Ave Maria Caccini.mp3 &nbsp; https:\/\/manoirdelabaronnie.fr\/wp-content\/uploads\/2019\/04\/2-Porgi Amor &#8211; Mozart.mp3 &nbsp; https:\/\/manoirdelabaronnie.fr\/wp-content\/uploads\/2019\/04\/3- Quando m&rsquo;en vo &#8211; &hellip; Continuer la lecture de &laquo;&nbsp;Concert du 14 Avril 2019&nbsp;&raquo;","og_url":"https:\/\/manoirdelabaronnie.fr\/index.php\/concert-14-avril-2019\/","og_site_name":"Le Manoir de la Baronnie","article_modified_time":"2021-07-02T14:09:28+00:00","twitter_card":"summary_large_image","twitter_misc":{"Dur\u00e9e de lecture estim\u00e9e":"1 minute"},"schema":{"@context":"https:\/\/schema.org","@graph":[{"@type":"WebPage","@id":"https:\/\/manoirdelabaronnie.fr\/index.php\/concert-14-avril-2019\/","url":"https:\/\/manoirdelabaronnie.fr\/index.php\/concert-14-avril-2019\/","name":"Concert du 14 Avril 2019 - Le Manoir de la Baronnie","isPartOf":{"@id":"https:\/\/manoirdelabaronnie.fr\/#website"},"datePublished":"2019-03-05T19:55:42+00:00","dateModified":"2021-07-02T14:09:28+00:00","breadcrumb":{"@id":"https:\/\/manoirdelabaronnie.fr\/index.php\/concert-14-avril-2019\/#breadcrumb"},"inLanguage":"fr-FR","potentialAction":[{"@type":"ReadAction","target":["https:\/\/manoirdelabaronnie.fr\/index.php\/concert-14-avril-2019\/"]}]},{"@type":"BreadcrumbList","@id":"https:\/\/manoirdelabaronnie.fr\/index.php\/concert-14-avril-2019\/#breadcrumb","itemListElement":[{"@type":"ListItem","position":1,"name":"Accueil","item":"https:\/\/manoirdelabaronnie.fr\/"},{"@type":"ListItem","position":2,"name":"Concert du 14 Avril 2019"}]},{"@type":"WebSite","@id":"https:\/\/manoirdelabaronnie.fr\/#website","url":"https:\/\/manoirdelabaronnie.fr\/","name":"Le Manoir de la Baronnie","description":"Osez le m\u00e9di\u00e9val","potentialAction":[{"@type":"SearchAction","target":{"@type":"EntryPoint","urlTemplate":"https:\/\/manoirdelabaronnie.fr\/?s={search_term_string}"},"query-input":"required name=search_term_string"}],"inLanguage":"fr-FR"}]}},"_links":{"self":[{"href":"https:\/\/manoirdelabaronnie.fr\/index.php\/wp-json\/wp\/v2\/pages\/543"}],"collection":[{"href":"https:\/\/manoirdelabaronnie.fr\/index.php\/wp-json\/wp\/v2\/pages"}],"about":[{"href":"https:\/\/manoirdelabaronnie.fr\/index.php\/wp-json\/wp\/v2\/types\/page"}],"author":[{"embeddable":true,"href":"https:\/\/manoirdelabaronnie.fr\/index.php\/wp-json\/wp\/v2\/users\/1"}],"replies":[{"embeddable":true,"href":"https:\/\/manoirdelabaronnie.fr\/index.php\/wp-json\/wp\/v2\/comments?post=543"}],"version-history":[{"count":0,"href":"https:\/\/manoirdelabaronnie.fr\/index.php\/wp-json\/wp\/v2\/pages\/543\/revisions"}],"wp:attachment":[{"href":"https:\/\/manoirdelabaronnie.fr\/index.php\/wp-json\/wp\/v2\/media?parent=543"}],"curies":[{"name":"wp","href":"https:\/\/api.w.org\/{rel}","templated":true}]}}