{"id":65,"date":"2016-12-16T21:04:59","date_gmt":"2016-12-16T20:04:59","guid":{"rendered":"https:\/\/manoirdelabaronnie.fr\/?page_id=65"},"modified":"2025-12-17T12:31:28","modified_gmt":"2025-12-17T11:31:28","slug":"inscription-stage-de-chant","status":"publish","type":"page","link":"https:\/\/manoirdelabaronnie.fr\/index.php\/inscription-stage-de-chant\/","title":{"rendered":"Inscription au stage de chant\/yoga  du 11 au 14 juillet 2026"},"content":{"rendered":"<p><strong>Inscription au stage de Chant \/ Yoga du 11 au 14 juillet 2026 au manoir de la baronnie (Orne)<\/strong> anim\u00e9 par :<\/p>\n<p><a href=\"https:\/\/www.olgavojnovic.fr\/biography\" target=\"_blank\" rel=\"noopener\">Olga vojnovic <\/a>(chant)<\/p>\n<p><a href=\"mailto:cl.yoga@gmail.com\" target=\"_blank\" rel=\"noopener\">Christophe Laneuville<\/a> (Yoga)<\/p>\n<p>et accompagn\u00e9 au piano par <a href=\"https:\/\/manoirdelabaronnie.fr\/index.php\/laurent-vuong-pianiste\/\" target=\"_blank\" rel=\"noopener\">Laurent Vuong<\/a><\/p>\n<p>Ce stage s&rsquo;adresse :<\/p>\n<p>-A tous les chanteurs ou apprentis. Olga donne aussi bien des cours de chant en groupe que des cours individuels. Les styles peuvent \u00eatre vari\u00e9s (classique,&nbsp; vari\u00e9t\u00e9,&nbsp; Jazz,&#8230;)<\/p>\n<p>-Aux amateurs de Yoga. Christophe donne des cours de Yoga<\/p>\n<p>Tarifs h\u00e9bergement :<\/p>\n<p>repas : 14\u20ac (non obligatoire)<br \/>\nnuit\u00e9e (manoir) + petit d\u00e9jeuner : 27\u20ac (chambres de 2 personnes ou plus)<\/p>\n<p>suppl\u00e9ment de 35\u20ac pour chambre individuelle (nous contacter)<\/p>\n<p>Tarifs p\u00e9dagogiques :<\/p>\n<p style=\"text-align: left;\">-chant: 57\u20ac \/ jour en coach individuel (pianiste compris)&nbsp; &nbsp;<\/p>\n<p style=\"text-align: left;\">-Yoga: 60\u20ac \/ jour&nbsp; &nbsp; &nbsp; &nbsp; &nbsp; &nbsp; &nbsp; &nbsp; &nbsp; &nbsp; &nbsp; &nbsp; &nbsp; &nbsp; &nbsp; &nbsp; &nbsp; &nbsp;&nbsp;<\/p>\n<p><strong>A noter que l&rsquo;inscription ne sera valid\u00e9e qu\u2019apr\u00e8s le versement de 50\u20ac d&rsquo;arrhes<\/strong> <a href=\"https:\/\/manoirdelabaronnie.fr\/index.php\/fr\/paiement-paypal\/\" target=\"_blank\" rel=\"noopener\">ICI<\/a><\/p>\n<p>Ces Arrhes seront rembours\u00e9es si le stage est annul\u00e9.<\/p>\n<p><strong>Merci de bien vouloir renseigner le formulaire suivant<\/strong><\/p>\n\n<div class=\"wpcf7 no-js\" id=\"wpcf7-f64-o1\" lang=\"fr-FR\" dir=\"ltr\">\n<div class=\"screen-reader-response\"><p role=\"status\" aria-live=\"polite\" aria-atomic=\"true\"><\/p> <ul><\/ul><\/div>\n<form action=\"\/index.php\/wp-json\/wp\/v2\/pages\/65#wpcf7-f64-o1\" method=\"post\" class=\"wpcf7-form init\" aria-label=\"Formulaire de contact\" novalidate=\"novalidate\" data-status=\"init\">\n<div style=\"display: none;\">\n<input type=\"hidden\" name=\"_wpcf7\" value=\"64\" \/>\n<input type=\"hidden\" name=\"_wpcf7_version\" value=\"5.7.7\" \/>\n<input type=\"hidden\" name=\"_wpcf7_locale\" value=\"fr_FR\" \/>\n<input type=\"hidden\" name=\"_wpcf7_unit_tag\" value=\"wpcf7-f64-o1\" \/>\n<input type=\"hidden\" name=\"_wpcf7_container_post\" value=\"0\" \/>\n<input type=\"hidden\" name=\"_wpcf7_posted_data_hash\" value=\"\" \/>\n<\/div>\n<p><label> Votre nom prenom (obligatoire)<br \/>\n<span class=\"wpcf7-form-control-wrap\" data-name=\"your-name\"><input size=\"40\" class=\"wpcf7-form-control wpcf7-text wpcf7-validates-as-required\" aria-required=\"true\" aria-invalid=\"false\" value=\"\" type=\"text\" name=\"your-name\" \/><\/span> <\/label>\n<\/p>\n<p><label> Votre e-mail (obligatoire et valide)<br \/>\n<span class=\"wpcf7-form-control-wrap\" data-name=\"your-email\"><input size=\"40\" class=\"wpcf7-form-control wpcf7-text wpcf7-email wpcf7-validates-as-required wpcf7-validates-as-email\" aria-required=\"true\" aria-invalid=\"false\" value=\"\" type=\"email\" name=\"your-email\" \/><\/span> <\/label>\n<\/p>\n<p><label> Votre telephone (Optionnel)<br \/>\n<span class=\"wpcf7-form-control-wrap\" data-name=\"tel-107\"><input size=\"40\" class=\"wpcf7-form-control wpcf7-text wpcf7-tel wpcf7-validates-as-tel\" aria-invalid=\"false\" value=\"\" type=\"tel\" name=\"tel-107\" \/><\/span> <\/label>\n<\/p>\n<p><label> Votre message (Optionnel)<br \/>\n<span class=\"wpcf7-form-control-wrap\" data-name=\"your-message\"><textarea cols=\"40\" rows=\"10\" class=\"wpcf7-form-control wpcf7-textarea\" aria-invalid=\"false\" name=\"your-message\"><\/textarea><\/span> <\/label>\n<\/p>\n<p><input class=\"wpcf7-form-control has-spinner wpcf7-submit\" type=\"submit\" value=\"Envoyer\" \/>\n<\/p><div class=\"wpcf7-response-output\" aria-hidden=\"true\"><\/div>\n<\/form>\n<\/div>\n\n<p>Vous recevrez un mail vous confirmant votre inscription au stage<\/p>\n<p>&nbsp;<\/p>\n","protected":false},"excerpt":{"rendered":"<p>Inscription au stage de Chant \/ Yoga du 11 au 14 juillet 2026 au manoir de la baronnie (Orne) anim\u00e9 par : Olga vojnovic (chant) Christophe Laneuville (Yoga) et accompagn\u00e9 au piano par Laurent Vuong Ce stage s&rsquo;adresse : -A tous les chanteurs ou apprentis. Olga donne aussi bien des cours de chant en groupe &hellip; <a href=\"https:\/\/manoirdelabaronnie.fr\/index.php\/inscription-stage-de-chant\/\" class=\"more-link\">Continuer la lecture<span class=\"screen-reader-text\"> de &laquo;&nbsp;Inscription au stage de chant\/yoga  du 11 au 14 juillet 2026&nbsp;&raquo;<\/span><\/a><\/p>\n","protected":false},"author":1,"featured_media":0,"parent":0,"menu_order":0,"comment_status":"closed","ping_status":"closed","template":"","meta":{"ngg_post_thumbnail":0},"yoast_head":"<!-- This site is optimized with the Yoast SEO plugin v20.4 - https:\/\/yoast.com\/wordpress\/plugins\/seo\/ -->\n<title>Inscription au stage de chant\/yoga du 11 au 14 juillet 2026 - Le Manoir de la Baronnie<\/title>\n<meta name=\"robots\" content=\"index, follow, max-snippet:-1, max-image-preview:large, max-video-preview:-1\" \/>\n<link rel=\"canonical\" href=\"https:\/\/manoirdelabaronnie.fr\/index.php\/inscription-stage-de-chant\/\" \/>\n<meta property=\"og:locale\" content=\"fr_FR\" \/>\n<meta property=\"og:type\" content=\"article\" \/>\n<meta property=\"og:title\" content=\"Inscription au stage de chant\/yoga du 11 au 14 juillet 2026 - Le Manoir de la Baronnie\" \/>\n<meta property=\"og:description\" content=\"Inscription au stage de Chant \/ Yoga du 11 au 14 juillet 2026 au manoir de la baronnie (Orne) anim\u00e9 par : Olga vojnovic (chant) Christophe Laneuville (Yoga) et accompagn\u00e9 au piano par Laurent Vuong Ce stage s&rsquo;adresse : -A tous les chanteurs ou apprentis. Olga donne aussi bien des cours de chant en groupe &hellip; Continuer la lecture de &laquo;&nbsp;Inscription au stage de chant\/yoga du 11 au 14 juillet 2026&nbsp;&raquo;\" \/>\n<meta property=\"og:url\" content=\"https:\/\/manoirdelabaronnie.fr\/index.php\/inscription-stage-de-chant\/\" \/>\n<meta property=\"og:site_name\" content=\"Le Manoir de la Baronnie\" \/>\n<meta property=\"article:modified_time\" content=\"2025-12-17T11:31:28+00:00\" \/>\n<meta name=\"twitter:card\" content=\"summary_large_image\" \/>\n<meta name=\"twitter:label1\" content=\"Dur\u00e9e de lecture estim\u00e9e\" \/>\n\t<meta name=\"twitter:data1\" content=\"1 minute\" \/>\n<script type=\"application\/ld+json\" class=\"yoast-schema-graph\">{\"@context\":\"https:\/\/schema.org\",\"@graph\":[{\"@type\":\"WebPage\",\"@id\":\"https:\/\/manoirdelabaronnie.fr\/index.php\/inscription-stage-de-chant\/\",\"url\":\"https:\/\/manoirdelabaronnie.fr\/index.php\/inscription-stage-de-chant\/\",\"name\":\"Inscription au stage de chant\/yoga du 11 au 14 juillet 2026 - Le Manoir de la Baronnie\",\"isPartOf\":{\"@id\":\"https:\/\/manoirdelabaronnie.fr\/#website\"},\"datePublished\":\"2016-12-16T20:04:59+00:00\",\"dateModified\":\"2025-12-17T11:31:28+00:00\",\"breadcrumb\":{\"@id\":\"https:\/\/manoirdelabaronnie.fr\/index.php\/inscription-stage-de-chant\/#breadcrumb\"},\"inLanguage\":\"fr-FR\",\"potentialAction\":[{\"@type\":\"ReadAction\",\"target\":[\"https:\/\/manoirdelabaronnie.fr\/index.php\/inscription-stage-de-chant\/\"]}]},{\"@type\":\"BreadcrumbList\",\"@id\":\"https:\/\/manoirdelabaronnie.fr\/index.php\/inscription-stage-de-chant\/#breadcrumb\",\"itemListElement\":[{\"@type\":\"ListItem\",\"position\":1,\"name\":\"Accueil\",\"item\":\"https:\/\/manoirdelabaronnie.fr\/\"},{\"@type\":\"ListItem\",\"position\":2,\"name\":\"Inscription au stage de chant\/yoga du 11 au 14 juillet 2026\"}]},{\"@type\":\"WebSite\",\"@id\":\"https:\/\/manoirdelabaronnie.fr\/#website\",\"url\":\"https:\/\/manoirdelabaronnie.fr\/\",\"name\":\"Le Manoir de la Baronnie\",\"description\":\"Osez le m\u00e9di\u00e9val\",\"potentialAction\":[{\"@type\":\"SearchAction\",\"target\":{\"@type\":\"EntryPoint\",\"urlTemplate\":\"https:\/\/manoirdelabaronnie.fr\/?s={search_term_string}\"},\"query-input\":\"required name=search_term_string\"}],\"inLanguage\":\"fr-FR\"}]}<\/script>\n<!-- \/ Yoast SEO plugin. -->","yoast_head_json":{"title":"Inscription au stage de chant\/yoga du 11 au 14 juillet 2026 - Le Manoir de la Baronnie","robots":{"index":"index","follow":"follow","max-snippet":"max-snippet:-1","max-image-preview":"max-image-preview:large","max-video-preview":"max-video-preview:-1"},"canonical":"https:\/\/manoirdelabaronnie.fr\/index.php\/inscription-stage-de-chant\/","og_locale":"fr_FR","og_type":"article","og_title":"Inscription au stage de chant\/yoga du 11 au 14 juillet 2026 - Le Manoir de la Baronnie","og_description":"Inscription au stage de Chant \/ Yoga du 11 au 14 juillet 2026 au manoir de la baronnie (Orne) anim\u00e9 par : Olga vojnovic (chant) Christophe Laneuville (Yoga) et accompagn\u00e9 au piano par Laurent Vuong Ce stage s&rsquo;adresse : -A tous les chanteurs ou apprentis. Olga donne aussi bien des cours de chant en groupe &hellip; Continuer la lecture de &laquo;&nbsp;Inscription au stage de chant\/yoga du 11 au 14 juillet 2026&nbsp;&raquo;","og_url":"https:\/\/manoirdelabaronnie.fr\/index.php\/inscription-stage-de-chant\/","og_site_name":"Le Manoir de la Baronnie","article_modified_time":"2025-12-17T11:31:28+00:00","twitter_card":"summary_large_image","twitter_misc":{"Dur\u00e9e de lecture estim\u00e9e":"1 minute"},"schema":{"@context":"https:\/\/schema.org","@graph":[{"@type":"WebPage","@id":"https:\/\/manoirdelabaronnie.fr\/index.php\/inscription-stage-de-chant\/","url":"https:\/\/manoirdelabaronnie.fr\/index.php\/inscription-stage-de-chant\/","name":"Inscription au stage de chant\/yoga du 11 au 14 juillet 2026 - Le Manoir de la Baronnie","isPartOf":{"@id":"https:\/\/manoirdelabaronnie.fr\/#website"},"datePublished":"2016-12-16T20:04:59+00:00","dateModified":"2025-12-17T11:31:28+00:00","breadcrumb":{"@id":"https:\/\/manoirdelabaronnie.fr\/index.php\/inscription-stage-de-chant\/#breadcrumb"},"inLanguage":"fr-FR","potentialAction":[{"@type":"ReadAction","target":["https:\/\/manoirdelabaronnie.fr\/index.php\/inscription-stage-de-chant\/"]}]},{"@type":"BreadcrumbList","@id":"https:\/\/manoirdelabaronnie.fr\/index.php\/inscription-stage-de-chant\/#breadcrumb","itemListElement":[{"@type":"ListItem","position":1,"name":"Accueil","item":"https:\/\/manoirdelabaronnie.fr\/"},{"@type":"ListItem","position":2,"name":"Inscription au stage de chant\/yoga du 11 au 14 juillet 2026"}]},{"@type":"WebSite","@id":"https:\/\/manoirdelabaronnie.fr\/#website","url":"https:\/\/manoirdelabaronnie.fr\/","name":"Le Manoir de la Baronnie","description":"Osez le m\u00e9di\u00e9val","potentialAction":[{"@type":"SearchAction","target":{"@type":"EntryPoint","urlTemplate":"https:\/\/manoirdelabaronnie.fr\/?s={search_term_string}"},"query-input":"required name=search_term_string"}],"inLanguage":"fr-FR"}]}},"_links":{"self":[{"href":"https:\/\/manoirdelabaronnie.fr\/index.php\/wp-json\/wp\/v2\/pages\/65"}],"collection":[{"href":"https:\/\/manoirdelabaronnie.fr\/index.php\/wp-json\/wp\/v2\/pages"}],"about":[{"href":"https:\/\/manoirdelabaronnie.fr\/index.php\/wp-json\/wp\/v2\/types\/page"}],"author":[{"embeddable":true,"href":"https:\/\/manoirdelabaronnie.fr\/index.php\/wp-json\/wp\/v2\/users\/1"}],"replies":[{"embeddable":true,"href":"https:\/\/manoirdelabaronnie.fr\/index.php\/wp-json\/wp\/v2\/comments?post=65"}],"version-history":[{"count":4,"href":"https:\/\/manoirdelabaronnie.fr\/index.php\/wp-json\/wp\/v2\/pages\/65\/revisions"}],"predecessor-version":[{"id":1116,"href":"https:\/\/manoirdelabaronnie.fr\/index.php\/wp-json\/wp\/v2\/pages\/65\/revisions\/1116"}],"wp:attachment":[{"href":"https:\/\/manoirdelabaronnie.fr\/index.php\/wp-json\/wp\/v2\/media?parent=65"}],"curies":[{"name":"wp","href":"https:\/\/api.w.org\/{rel}","templated":true}]}}