{"id":754,"date":"2022-02-02T08:23:07","date_gmt":"2022-02-02T07:23:07","guid":{"rendered":"https:\/\/manoirdelabaronnie.fr\/?page_id=754"},"modified":"2024-06-09T08:59:25","modified_gmt":"2024-06-09T06:59:25","slug":"ne-suis-ciel-croyez","status":"publish","type":"page","link":"https:\/\/manoirdelabaronnie.fr\/index.php\/ne-suis-ciel-croyez\/","title":{"rendered":"Je ne suis pas celui \/celle que vous croyez"},"content":{"rendered":"<p><strong>Cette page est d\u00e9di\u00e9e \u00e0 la s\u00e9rie de concerts donn\u00e9s \u00e0 l&rsquo;Auguste th\u00e9\u00e2tre les 18\/19 Mars et 1er\/2 Avril 2022 : \u00ab\u00a0Je ne suis pas celle \/ celui que vous croyez\u00a0\u00bb<br \/>\n<\/strong><\/p>\n<p><img loading=\"lazy\" class=\"alignnone size-medium wp-image-768\" src=\"https:\/\/manoirdelabaronnie.fr\/wp-content\/uploads\/2022\/02\/Flyer-4-212x300.jpg\" alt=\"Flyer 4\" width=\"212\" height=\"300\" srcset=\"https:\/\/manoirdelabaronnie.fr\/wp-content\/uploads\/2022\/02\/Flyer-4-212x300.jpg 212w, https:\/\/manoirdelabaronnie.fr\/wp-content\/uploads\/2022\/02\/Flyer-4-768x1085.jpg 768w, https:\/\/manoirdelabaronnie.fr\/wp-content\/uploads\/2022\/02\/Flyer-4-725x1024.jpg 725w, https:\/\/manoirdelabaronnie.fr\/wp-content\/uploads\/2022\/02\/Flyer-4-1200x1696.jpg 1200w\" sizes=\"(max-width: 212px) 85vw, 212px\" \/><\/p>\n<p style=\"text-align: center;\">(Copyright photo Olivier Gascoin)<\/p>\n<p>Teaser spectacle<\/p>\n\r\n    <div>        \r\n    <video id=\"plyr69df01a172c28\" controls class=\"easy-video-player\">\r\n       <source src=\"https:\/\/manoirdelabaronnie.fr\/wp-content\/uploads\/2022\/04\/Teaser_V3.mp4\" type=\"video\/mp4\" \/>\r\n    <\/video>\r\n    <\/div>    <script>\r\n        const evplayerplyr69df01a172c28 = new Plyr(document.getElementById('plyr69df01a172c28'));\r\n        evplayerplyr69df01a172c28.ratio = '16:9';\r\n        evplayerplyr69df01a172c28.iconUrl = 'https:\/\/manoirdelabaronnie.fr\/wp-content\/plugins\/easy-video-player\/lib\/plyr.svg';\r\n        evplayerplyr69df01a172c28.blankVideo = 'https:\/\/manoirdelabaronnie.fr\/wp-content\/plugins\/easy-video-player\/lib\/blank.mp4';  \r\n    <\/script>\n<p>Soprano \/ th\u00e9\u00e2tre : <strong>Donatienne du Jeu<\/strong><\/p>\n<p>T\u00e9nor \/ th\u00e9\u00e2tre :&nbsp;&nbsp;&nbsp;&nbsp; <strong>Olivier Tuffier<\/strong><\/p>\n<p>Piano :&nbsp;&nbsp;&nbsp;&nbsp;&nbsp;&nbsp;&nbsp;&nbsp;&nbsp;&nbsp;&nbsp;&nbsp;&nbsp;&nbsp;&nbsp;&nbsp;&nbsp;&nbsp;&nbsp;&nbsp;&nbsp;&nbsp;&nbsp; <strong>Laurent Vuong<\/strong><\/p>\n<p>Mise en sc\u00e8ne :&nbsp;&nbsp;&nbsp;&nbsp;&nbsp;&nbsp; <strong>Sara Veyron<\/strong><\/p>\n<p>T\u00e9l\u00e9chargez le dossier de presse : <a href=\"https:\/\/manoirdelabaronnie.fr\/wp-content\/uploads\/2022\/02\/Dossier de Presse.pdf\" target=\"_blank\" rel=\"noopener\">ICI<\/a><\/p>\n<p><strong>T\u00e9l\u00e9chargez<\/strong> l&rsquo;affiche au format A4 : <a href=\"https:\/\/manoirdelabaronnie.fr\/wp-content\/uploads\/2022\/02\/Affiche A4 400.jpg\" target=\"_blank\" rel=\"noopener\">ICI<\/a><\/p>\n<p><strong>Fichiers Audio mp3 en libre consultation et t\u00e9l\u00e9chargement\u2026<\/strong><\/p>\n<p><a href=\"https:\/\/manoirdelabaronnie.fr\/wp-content\/uploads\/2022\/04\/1-J_aurais_voulu_danser.mp3\" target=\"_blank\" rel=\"noopener\">J&rsquo;aurais voulu danser<\/a><\/p>\n<p><a href=\"https:\/\/manoirdelabaronnie.fr\/wp-content\/uploads\/2022\/04\/2_Olivier.mp3\" target=\"_blank\" rel=\"noopener\">Texte<\/a><\/p>\n<p><a href=\"https:\/\/manoirdelabaronnie.fr\/wp-content\/uploads\/2022\/04\/3-Mondes_charmants.mp3\" target=\"_blank\" rel=\"noopener\">Mondes charmants<\/a><\/p>\n<p><a href=\"https:\/\/manoirdelabaronnie.fr\/wp-content\/uploads\/2022\/04\/4-Dona.mp3\" target=\"_blank\" rel=\"noopener\">Texte<\/a><\/p>\n<p><a href=\"https:\/\/manoirdelabaronnie.fr\/wp-content\/uploads\/2022\/04\/5-Je_voudrais_en_savoir_davantage.mp3\" target=\"_blank\" rel=\"noopener\">Je voudrais en savoir davantage<\/a><\/p>\n<p><a href=\"https:\/\/manoirdelabaronnie.fr\/wp-content\/uploads\/2022\/04\/6-Dona.mp3\" target=\"_blank\" rel=\"noopener\">Texte<\/a><\/p>\n<p><a href=\"https:\/\/manoirdelabaronnie.fr\/wp-content\/uploads\/2022\/04\/7-Duo_des_souvenirs.mp3\" target=\"_blank\" rel=\"noopener\">Duo des souvenirs<\/a><\/p>\n<p><a href=\"https:\/\/manoirdelabaronnie.fr\/wp-content\/uploads\/2022\/04\/8-Est_t_on_sage_dans_le_bel_age.mp3\" target=\"_blank\" rel=\"noopener\">Est on sage<\/a><\/p>\n<p><a href=\"https:\/\/manoirdelabaronnie.fr\/wp-content\/uploads\/2022\/04\/9-Olivier.mp3\" target=\"_blank\" rel=\"noopener\">Texte<\/a><\/p>\n<p><a href=\"https:\/\/manoirdelabaronnie.fr\/wp-content\/uploads\/2022\/04\/10-Duo_des_numeros.mp3\" target=\"_blank\" rel=\"noopener\">Duo des num\u00e9ros<\/a><\/p>\n<p><a href=\"https:\/\/manoirdelabaronnie.fr\/wp-content\/uploads\/2022\/04\/11-Air_de_regor.mp3\" target=\"_blank\" rel=\"noopener\">Air de Regor<\/a><\/p>\n<p><a href=\"https:\/\/manoirdelabaronnie.fr\/wp-content\/uploads\/2022\/04\/12-Dona.mp3\" target=\"_blank\" rel=\"noopener\">Texte<\/a><\/p>\n<p><a href=\"https:\/\/manoirdelabaronnie.fr\/wp-content\/uploads\/2022\/04\/13-Je-ne-savais-pas-que_c_etait_ca.mp3\" target=\"_blank\" rel=\"noopener\">Je ne savais pas que c&rsquo;\u00e9tait \u00e7a<\/a><\/p>\n<p><a href=\"https:\/\/manoirdelabaronnie.fr\/wp-content\/uploads\/2022\/04\/14-Dona.mp3\" target=\"_blank\" rel=\"noopener\">Texte<\/a><\/p>\n<p><a href=\"https:\/\/manoirdelabaronnie.fr\/wp-content\/uploads\/2022\/04\/15-Philemon_et_baucis.mp3\" target=\"_blank\" rel=\"noopener\">Phil\u00e9mon et Baucis<\/a><\/p>\n<p><a href=\"https:\/\/manoirdelabaronnie.fr\/wp-content\/uploads\/2022\/04\/16-Dona.mp3\" target=\"_blank\" rel=\"noopener\">Texte<\/a><\/p>\n<p><a href=\"https:\/\/manoirdelabaronnie.fr\/wp-content\/uploads\/2022\/04\/17-Etre_infidele.mp3\" target=\"_blank\" rel=\"noopener\">Etre infid\u00e8le<\/a><\/p>\n<p><a href=\"https:\/\/manoirdelabaronnie.fr\/wp-content\/uploads\/2022\/04\/18-Si_vous_etiez_nicolas.mp3\" target=\"_blank\" rel=\"noopener\">Si vous \u00e9tiez Nicolas<\/a><\/p>\n<p><a href=\"https:\/\/manoirdelabaronnie.fr\/wp-content\/uploads\/2022\/04\/19-Duo_du_travesti.mp3\" target=\"_blank\" rel=\"noopener\">Duo du travesti<\/a><\/p>\n<p><a href=\"https:\/\/manoirdelabaronnie.fr\/wp-content\/uploads\/2022\/04\/20-A_Chloris.mp3\" target=\"_blank\" rel=\"noopener\">A Chloris<\/a><\/p>\n<p><a href=\"https:\/\/manoirdelabaronnie.fr\/wp-content\/uploads\/2022\/04\/21-Dona.mp3\" target=\"_blank\" rel=\"noopener\">Texte<\/a><\/p>\n<p><a href=\"https:\/\/manoirdelabaronnie.fr\/wp-content\/uploads\/2022\/04\/22-Duo_lyrique.mp3\" target=\"_blank\" rel=\"noopener\">Duo lyrique<\/a><\/p>\n<p><a href=\"https:\/\/manoirdelabaronnie.fr\/wp-content\/uploads\/2022\/04\/23-Dona.mp3\" target=\"_blank\" rel=\"noopener\">Texte<\/a><\/p>\n<p><a href=\"https:\/\/manoirdelabaronnie.fr\/wp-content\/uploads\/2022\/04\/24-Je_chante_la_nuit.mp3\" target=\"_blank\" rel=\"noopener\">Je chante la nuit<\/a><\/p>\n<p><a href=\"https:\/\/manoirdelabaronnie.fr\/wp-content\/uploads\/2022\/04\/25-Ta_bouche.mp3\" target=\"_blank\" rel=\"noopener\">Ta bouche<\/a><\/p>\n<p><a href=\"https:\/\/manoirdelabaronnie.fr\/wp-content\/uploads\/2022\/04\/26_Vous_m_avez_pince_le_derriere.mp3\" target=\"_blank\" rel=\"noopener\">Vous m&rsquo;avez pinc\u00e9 le derri\u00e8re<\/a><\/p>\n","protected":false},"excerpt":{"rendered":"<p>Cette page est d\u00e9di\u00e9e \u00e0 la s\u00e9rie de concerts donn\u00e9s \u00e0 l&rsquo;Auguste th\u00e9\u00e2tre les 18\/19 Mars et 1er\/2 Avril 2022 : \u00ab\u00a0Je ne suis pas celle \/ celui que vous croyez\u00a0\u00bb (Copyright photo Olivier Gascoin) Teaser spectacle Soprano \/ th\u00e9\u00e2tre : Donatienne du Jeu T\u00e9nor \/ th\u00e9\u00e2tre :&nbsp;&nbsp;&nbsp;&nbsp; Olivier Tuffier Piano :&nbsp;&nbsp;&nbsp;&nbsp;&nbsp;&nbsp;&nbsp;&nbsp;&nbsp;&nbsp;&nbsp;&nbsp;&nbsp;&nbsp;&nbsp;&nbsp;&nbsp;&nbsp;&nbsp;&nbsp;&nbsp;&nbsp;&nbsp; Laurent Vuong Mise &hellip; <a href=\"https:\/\/manoirdelabaronnie.fr\/index.php\/ne-suis-ciel-croyez\/\" class=\"more-link\">Continuer la lecture<span class=\"screen-reader-text\"> de &laquo;&nbsp;Je ne suis pas celui \/celle que vous croyez&nbsp;&raquo;<\/span><\/a><\/p>\n","protected":false},"author":1,"featured_media":0,"parent":0,"menu_order":0,"comment_status":"closed","ping_status":"closed","template":"","meta":{"ngg_post_thumbnail":0},"yoast_head":"<!-- This site is optimized with the Yoast SEO plugin v20.4 - https:\/\/yoast.com\/wordpress\/plugins\/seo\/ -->\n<title>Je ne suis pas celui \/celle que vous croyez - Le Manoir de la Baronnie<\/title>\n<meta name=\"robots\" content=\"index, follow, max-snippet:-1, max-image-preview:large, max-video-preview:-1\" \/>\n<link rel=\"canonical\" href=\"https:\/\/manoirdelabaronnie.fr\/index.php\/ne-suis-ciel-croyez\/\" \/>\n<meta property=\"og:locale\" content=\"fr_FR\" \/>\n<meta property=\"og:type\" content=\"article\" \/>\n<meta property=\"og:title\" content=\"Je ne suis pas celui \/celle que vous croyez - Le Manoir de la Baronnie\" \/>\n<meta property=\"og:description\" content=\"Cette page est d\u00e9di\u00e9e \u00e0 la s\u00e9rie de concerts donn\u00e9s \u00e0 l&rsquo;Auguste th\u00e9\u00e2tre les 18\/19 Mars et 1er\/2 Avril 2022 : \u00ab\u00a0Je ne suis pas celle \/ celui que vous croyez\u00a0\u00bb (Copyright photo Olivier Gascoin) Teaser spectacle Soprano \/ th\u00e9\u00e2tre : Donatienne du Jeu T\u00e9nor \/ th\u00e9\u00e2tre :&nbsp;&nbsp;&nbsp;&nbsp; Olivier Tuffier Piano :&nbsp;&nbsp;&nbsp;&nbsp;&nbsp;&nbsp;&nbsp;&nbsp;&nbsp;&nbsp;&nbsp;&nbsp;&nbsp;&nbsp;&nbsp;&nbsp;&nbsp;&nbsp;&nbsp;&nbsp;&nbsp;&nbsp;&nbsp; Laurent Vuong Mise &hellip; Continuer la lecture de &laquo;&nbsp;Je ne suis pas celui \/celle que vous croyez&nbsp;&raquo;\" \/>\n<meta property=\"og:url\" content=\"https:\/\/manoirdelabaronnie.fr\/index.php\/ne-suis-ciel-croyez\/\" \/>\n<meta property=\"og:site_name\" content=\"Le Manoir de la Baronnie\" \/>\n<meta property=\"article:modified_time\" content=\"2024-06-09T06:59:25+00:00\" \/>\n<meta property=\"og:image\" content=\"https:\/\/manoirdelabaronnie.fr\/wp-content\/uploads\/2022\/02\/Flyer-4-212x300.jpg\" \/>\n<meta name=\"twitter:card\" content=\"summary_large_image\" \/>\n<meta name=\"twitter:label1\" content=\"Dur\u00e9e de lecture estim\u00e9e\" \/>\n\t<meta name=\"twitter:data1\" content=\"1 minute\" \/>\n<script type=\"application\/ld+json\" class=\"yoast-schema-graph\">{\"@context\":\"https:\/\/schema.org\",\"@graph\":[{\"@type\":\"WebPage\",\"@id\":\"https:\/\/manoirdelabaronnie.fr\/index.php\/ne-suis-ciel-croyez\/\",\"url\":\"https:\/\/manoirdelabaronnie.fr\/index.php\/ne-suis-ciel-croyez\/\",\"name\":\"Je ne suis pas celui \/celle que vous croyez - Le Manoir de la Baronnie\",\"isPartOf\":{\"@id\":\"https:\/\/manoirdelabaronnie.fr\/#website\"},\"datePublished\":\"2022-02-02T07:23:07+00:00\",\"dateModified\":\"2024-06-09T06:59:25+00:00\",\"breadcrumb\":{\"@id\":\"https:\/\/manoirdelabaronnie.fr\/index.php\/ne-suis-ciel-croyez\/#breadcrumb\"},\"inLanguage\":\"fr-FR\",\"potentialAction\":[{\"@type\":\"ReadAction\",\"target\":[\"https:\/\/manoirdelabaronnie.fr\/index.php\/ne-suis-ciel-croyez\/\"]}]},{\"@type\":\"BreadcrumbList\",\"@id\":\"https:\/\/manoirdelabaronnie.fr\/index.php\/ne-suis-ciel-croyez\/#breadcrumb\",\"itemListElement\":[{\"@type\":\"ListItem\",\"position\":1,\"name\":\"Accueil\",\"item\":\"https:\/\/manoirdelabaronnie.fr\/\"},{\"@type\":\"ListItem\",\"position\":2,\"name\":\"Je ne suis pas celui \/celle que vous croyez\"}]},{\"@type\":\"WebSite\",\"@id\":\"https:\/\/manoirdelabaronnie.fr\/#website\",\"url\":\"https:\/\/manoirdelabaronnie.fr\/\",\"name\":\"Le Manoir de la Baronnie\",\"description\":\"Osez le m\u00e9di\u00e9val\",\"potentialAction\":[{\"@type\":\"SearchAction\",\"target\":{\"@type\":\"EntryPoint\",\"urlTemplate\":\"https:\/\/manoirdelabaronnie.fr\/?s={search_term_string}\"},\"query-input\":\"required name=search_term_string\"}],\"inLanguage\":\"fr-FR\"}]}<\/script>\n<!-- \/ Yoast SEO plugin. -->","yoast_head_json":{"title":"Je ne suis pas celui \/celle que vous croyez - Le Manoir de la Baronnie","robots":{"index":"index","follow":"follow","max-snippet":"max-snippet:-1","max-image-preview":"max-image-preview:large","max-video-preview":"max-video-preview:-1"},"canonical":"https:\/\/manoirdelabaronnie.fr\/index.php\/ne-suis-ciel-croyez\/","og_locale":"fr_FR","og_type":"article","og_title":"Je ne suis pas celui \/celle que vous croyez - Le Manoir de la Baronnie","og_description":"Cette page est d\u00e9di\u00e9e \u00e0 la s\u00e9rie de concerts donn\u00e9s \u00e0 l&rsquo;Auguste th\u00e9\u00e2tre les 18\/19 Mars et 1er\/2 Avril 2022 : \u00ab\u00a0Je ne suis pas celle \/ celui que vous croyez\u00a0\u00bb (Copyright photo Olivier Gascoin) Teaser spectacle Soprano \/ th\u00e9\u00e2tre : Donatienne du Jeu T\u00e9nor \/ th\u00e9\u00e2tre :&nbsp;&nbsp;&nbsp;&nbsp; Olivier Tuffier Piano :&nbsp;&nbsp;&nbsp;&nbsp;&nbsp;&nbsp;&nbsp;&nbsp;&nbsp;&nbsp;&nbsp;&nbsp;&nbsp;&nbsp;&nbsp;&nbsp;&nbsp;&nbsp;&nbsp;&nbsp;&nbsp;&nbsp;&nbsp; Laurent Vuong Mise &hellip; Continuer la lecture de &laquo;&nbsp;Je ne suis pas celui \/celle que vous croyez&nbsp;&raquo;","og_url":"https:\/\/manoirdelabaronnie.fr\/index.php\/ne-suis-ciel-croyez\/","og_site_name":"Le Manoir de la Baronnie","article_modified_time":"2024-06-09T06:59:25+00:00","og_image":[{"url":"https:\/\/manoirdelabaronnie.fr\/wp-content\/uploads\/2022\/02\/Flyer-4-212x300.jpg"}],"twitter_card":"summary_large_image","twitter_misc":{"Dur\u00e9e de lecture estim\u00e9e":"1 minute"},"schema":{"@context":"https:\/\/schema.org","@graph":[{"@type":"WebPage","@id":"https:\/\/manoirdelabaronnie.fr\/index.php\/ne-suis-ciel-croyez\/","url":"https:\/\/manoirdelabaronnie.fr\/index.php\/ne-suis-ciel-croyez\/","name":"Je ne suis pas celui \/celle que vous croyez - Le Manoir de la Baronnie","isPartOf":{"@id":"https:\/\/manoirdelabaronnie.fr\/#website"},"datePublished":"2022-02-02T07:23:07+00:00","dateModified":"2024-06-09T06:59:25+00:00","breadcrumb":{"@id":"https:\/\/manoirdelabaronnie.fr\/index.php\/ne-suis-ciel-croyez\/#breadcrumb"},"inLanguage":"fr-FR","potentialAction":[{"@type":"ReadAction","target":["https:\/\/manoirdelabaronnie.fr\/index.php\/ne-suis-ciel-croyez\/"]}]},{"@type":"BreadcrumbList","@id":"https:\/\/manoirdelabaronnie.fr\/index.php\/ne-suis-ciel-croyez\/#breadcrumb","itemListElement":[{"@type":"ListItem","position":1,"name":"Accueil","item":"https:\/\/manoirdelabaronnie.fr\/"},{"@type":"ListItem","position":2,"name":"Je ne suis pas celui \/celle que vous croyez"}]},{"@type":"WebSite","@id":"https:\/\/manoirdelabaronnie.fr\/#website","url":"https:\/\/manoirdelabaronnie.fr\/","name":"Le Manoir de la Baronnie","description":"Osez le m\u00e9di\u00e9val","potentialAction":[{"@type":"SearchAction","target":{"@type":"EntryPoint","urlTemplate":"https:\/\/manoirdelabaronnie.fr\/?s={search_term_string}"},"query-input":"required name=search_term_string"}],"inLanguage":"fr-FR"}]}},"_links":{"self":[{"href":"https:\/\/manoirdelabaronnie.fr\/index.php\/wp-json\/wp\/v2\/pages\/754"}],"collection":[{"href":"https:\/\/manoirdelabaronnie.fr\/index.php\/wp-json\/wp\/v2\/pages"}],"about":[{"href":"https:\/\/manoirdelabaronnie.fr\/index.php\/wp-json\/wp\/v2\/types\/page"}],"author":[{"embeddable":true,"href":"https:\/\/manoirdelabaronnie.fr\/index.php\/wp-json\/wp\/v2\/users\/1"}],"replies":[{"embeddable":true,"href":"https:\/\/manoirdelabaronnie.fr\/index.php\/wp-json\/wp\/v2\/comments?post=754"}],"version-history":[{"count":4,"href":"https:\/\/manoirdelabaronnie.fr\/index.php\/wp-json\/wp\/v2\/pages\/754\/revisions"}],"predecessor-version":[{"id":963,"href":"https:\/\/manoirdelabaronnie.fr\/index.php\/wp-json\/wp\/v2\/pages\/754\/revisions\/963"}],"wp:attachment":[{"href":"https:\/\/manoirdelabaronnie.fr\/index.php\/wp-json\/wp\/v2\/media?parent=754"}],"curies":[{"name":"wp","href":"https:\/\/api.w.org\/{rel}","templated":true}]}}